{"id":753,"date":"2019-07-19T07:34:13","date_gmt":"2019-07-19T10:34:13","guid":{"rendered":"https:\/\/www.encontrajoaopessoa.com.br\/sobre\/?page_id=753"},"modified":"2023-12-05T16:11:56","modified_gmt":"2023-12-05T19:11:56","slug":"camara-municipal-de-joao-pessoa","status":"publish","type":"page","link":"https:\/\/www.encontrajoaopessoa.com.br\/sobre\/camara-municipal-de-joao-pessoa\/","title":{"rendered":"C\u00e2mara Municipal de Jo\u00e3o Pessoa"},"content":{"rendered":"<div class=\"866aa4a7c674253f40eaa20e0e3e928c\" data-index=\"1\" style=\"float: none; margin:0px;\">\n<!-- Anuncio display - global -->\r\n<ins class=\"adsbygoogle\"\r\n     style=\"display:block\"\r\n     data-ad-client=\"ca-pub-8585364105181520\"\r\n     data-ad-slot=\"8789329856\"\r\n     data-ad-format=\"auto\"\r\n     data-full-width-responsive=\"true\"><\/ins>\r\n<script>\r\n     (adsbygoogle = window.adsbygoogle || []).push({});\r\n<\/script>\n<\/div>\n<p>A <strong>C\u00e2mara Municipal de Jo\u00e3o Pessoa<\/strong> tem a fun\u00e7\u00e3o institucional de legislar sobre assuntos de compet\u00eancia do munic\u00edpio, bem como fiscalizar e controlar os atos da administra\u00e7\u00e3o direta e indireta, especialmente a gest\u00e3o do dinheiro p\u00fablico, o julgamento das contas apresentadas pelo prefeito e a vigil\u00e2ncia dos neg\u00f3cios do Poder Executivo.<\/p>\n<p>Outras atribui\u00e7\u00f5es s\u00e3o as de assessorar e julgar infra\u00e7\u00f5es.<\/p>\n<p><img loading=\"lazy\" decoding=\"async\" class=\"alignnone wp-image-754 size-full\" title=\"C\u00e2mara Municipal de Jo\u00e3o Pessoa\" src=\"https:\/\/www.encontrajoaopessoa.com.br\/sobre\/wp-content\/uploads\/2019\/07\/camara-municipal-joao-pessoa.gif\" alt=\"C\u00e2mara Municipal de Jo\u00e3o Pessoa\" width=\"680\" height=\"189\" \/><\/p>\n<p>O assessoramento consiste em sugerir medidas de interesse p\u00fablico \u00e0 administra\u00e7\u00e3o municipal, al\u00e9m de intermediar junto ao governo a respeito das demandas apresentadas pela popula\u00e7\u00e3o. J\u00e1 a fun\u00e7\u00e3o julgadora da C\u00e2mara se d\u00e1 na aprecia\u00e7\u00e3o de infra\u00e7\u00f5es pol\u00edtico-administrativas ou \u00e9tico parlamentares cometidas pelo prefeito, vice-prefeito ou por vereadores, que podem resultar inclusive em perda de mandato.<\/p>\n<p>A compet\u00eancia de criar as leis \u00e9 exercida com a participa\u00e7\u00e3o do prefeito e compreende a produ\u00e7\u00e3o de normas para disciplinar as mat\u00e9rias constitucionalmente reservadas ao munic\u00edpio. Os vereadores deliberam especialmente \u2013 sob forma de projeto de lei e sujeitos \u00e0 san\u00e7\u00e3o do prefeito \u2013 sobre as \u00e1reas financeira, tribut\u00e1ria e or\u00e7ament\u00e1ria; urban\u00edstica; servidores e bens p\u00fablicos; organiza\u00e7\u00e3o dos servi\u00e7os municipais; cria\u00e7\u00e3o, estrutura\u00e7\u00e3o e atribui\u00e7\u00f5es dos \u00f3rg\u00e3os da administra\u00e7\u00e3o direta e indireta.<\/p>\n<p>A fun\u00e7\u00e3o fiscalizadora, que n\u00e3o se limita aos aspectos financeiros e or\u00e7ament\u00e1rios, efetiva-se mediante v\u00e1rios mecanismos, expedientes e procedimentos, tais como, os pedidos de informa\u00e7\u00e3o, vistorias para avaliar a qualidade de um servi\u00e7o ou execu\u00e7\u00e3o de obra, convoca\u00e7\u00e3o de auxiliares do prefeito para prestar esclarecimentos e pela a\u00e7\u00e3o das comiss\u00f5es parlamentares de inqu\u00e9rito.<\/p>\n<p>A C\u00e2mara organiza-se internamente atrav\u00e9s de seu Regimento Interno e da legisla\u00e7\u00e3o referente \u00e0 administra\u00e7\u00e3o dos seus servi\u00e7os, inclusive quanto ao provimento dos cargos de seu quadro de pessoal. Os trabalhos s\u00e3o divididos em sess\u00f5es legislativas anuais ordin\u00e1rias, em n\u00famero de quatro, que formam a legislatura para a qual s\u00e3o eleitos os vereadores. Fora da sess\u00e3o legislativa ordin\u00e1ria, nos recessos, a C\u00e2mara pode se reunir, se convocada extraordinariamente.<\/p>\n<h2>C\u00e2mara Municipal Jo\u00e3o Pessoa Hist\u00f3ria<\/h2>\n<p><strong>Brasil Col\u00f4nia<\/strong><br \/>\nA C\u00e2mara Municipal de Jo\u00e3o Pessoa (CMJP) \u00e9 uma entidade muito antiga, herdada dos colonizadores portugueses, que continua sendo importante no processo de representa\u00e7\u00e3o popular, em que os vereadores s\u00e3o eleitos diretamente pelos habitantes da cidade, atrav\u00e9s do sistema de voto proporcional dos partidos.<\/p>\n<p>Para ser vereador na \u00e9poca do Brasil Colonial era preciso ser homem bom, ou seja, ser portugu\u00eas, de boa instru\u00e7\u00e3o e ter prest\u00edgio entre os habitantes. Os homens bons eram em geral grandes propriet\u00e1rios rurais e membros da pequena nobreza portuguesa. A C\u00e2mara era formada por um juiz da terra ou ordin\u00e1rio (\u00e0s vezes por um juiz de fora); tr\u00eas vereadores; um procurador; dois almotac\u00e9is (funcion\u00e1rios de confian\u00e7a, equivalente a um oficial municipal); e um escriv\u00e3o. Os vereadores elegiam, entre seus pares, o juiz ordin\u00e1rio, para exercer a presid\u00eancia.<\/p>\n<p>Os caminhos da hist\u00f3ria da C\u00e2mara de Jo\u00e3o Pessoa tiveram in\u00edcio onde hoje se situa o Largo da Catedral Bas\u00edlica de Nossa Senhora das Neves e do Mosteiro de S\u00e3o Bento, na Rua General Os\u00f3rio, antiga Rua Nova, no Centro Hist\u00f3rico da Capital paraibana.<\/p>\n<p><strong>Brasil Imp\u00e9rio<\/strong><br \/>\nA lei imperial de 1\u00ba de outubro de 1828 estabelecia, em seu artigo 24, que as C\u00e2maras eram \u201ccorpora\u00e7\u00f5es meramente administrativas e n\u00e3o exercer\u00e3o jurisdi\u00e7\u00e3o alguma contenciosa\u201d.<\/p>\n<p><strong>Brasil Rep\u00fablica<\/strong><br \/>\nDe acordo com o historiador Irineu Pinto, a casa para a cadeia, a C\u00e2mara e o a\u00e7ougue foi logo tamb\u00e9m levantada em frente \u00e0 igreja matriz (hoje a catedral bas\u00edlica) e da\u00ed mudada depois, sendo o terreno arrematado a 5 de abril de 1912 por Duarte Fernandes de Arag\u00e3o. Ainda em 1912, a 7 de agosto, a \u00e1rea foi vendida aos frades do Mosteiro de S\u00e3o Bento.<\/p>\n<p>As fun\u00e7\u00f5es administrativas das C\u00e2maras eram bastante amplas. Cabia-lhes cuidar do centro urbano, estradas, pontes, pris\u00f5es, matadouros, abastecimento, ilumina\u00e7\u00e3o, \u00e1gua, saneamento, prote\u00e7\u00e3o contra loucos, \u00e9brios e animais ferozes, defesa sanit\u00e1ria animal e vegetal, inspe\u00e7\u00e3o de escolas prim\u00e1rias, assist\u00eancia a menores, hospitais, cemit\u00e9rios, sossego p\u00fablico, pol\u00edtica de costumes etc. Resumindo, as C\u00e2maras deliberariam em geral sobre os meios de promover e manter a tranquilidade, seguran\u00e7a, sa\u00fade, comodidade dos habitantes, asseio, eleg\u00e2ncia e regularidade externa dos edif\u00edcios e ruas das povoa\u00e7\u00f5es.<\/p>\n<p><strong>Reinstala\u00e7\u00e3o \u2013 1947<\/strong><br \/>\nAt\u00e9 o ano de 1947, n\u00e3o existem elementos documentais que permitam comprovar a data exata de instala\u00e7\u00e3o da hoje Casa Napole\u00e3o Laureano, havendo ainda um vazio no que se refere \u00e0 sua vida institucional. Embora existam refer\u00eancias \u00e0 sua exist\u00eancia em documento datado de 1589. Assim sendo, sua exist\u00eancia pode ser considerada desde antes de 1947.<\/p>\n<p>Era uma sexta-feira, 14 de novembro de 1947, quando, nas proximidades do Pavilh\u00e3o de Ch\u00e1, ocorria uma festa c\u00edvica de reencontro da cidade com a democracia. Convocados pela Justi\u00e7a Eleitoral, tomavam posse no pavimento t\u00e9rreo do pr\u00e9dio da Sociedade de Medicina, \u00e0 Rua das Trincheiras, 42, todos os vereadores eleitos em 3 de outubro de 1946. Tendo a popula\u00e7\u00e3o como testemunha.<\/p>\n<h3>C\u00e2mara Municipal de Jo\u00e3o Pessoa Vereadores<\/h3>\n<p>Voc\u00ea pode verificar quais<em> vereadores <\/em>est\u00e3o com mandato ativo pelo site abaixo.<\/p>\n<h3>C\u00e2mara Municipal Jo\u00e3o Pessoa Concurso<\/h3>\n<p>A C\u00e2mara Municipal de Jo\u00e3o Pessoa admite funcion\u00e1rios atrav\u00e9s de <em>concurso p\u00fablico<\/em>, fique atento ao site e confira a publica\u00e7\u00e3o dos editais.<em><br \/>\n<\/em><\/p>\n<h3>Hor\u00e1rio de Funcionamento C\u00e2mara Municipal em Jo\u00e3o Pessoa<\/h3>\n<ul>\n<li>Segunda a Sexta das 08h \u00e0s 17h<\/li>\n<\/ul>\n<h3>Onde fica, Endere\u00e7o e Telefone C\u00e2mara Municipal em Jo\u00e3o Pessoa<\/h3>\n<ul>\n<li>R. das Trincheiras, 43 &#8211; Centro &#8211; Jo\u00e3o Pessoa &#8211; PB<\/li>\n<li>Telefone: (83) 3218-6300<\/li>\n<\/ul>\n<h4>Outras informa\u00e7\u00f5es e site<\/h4>\n<ul>\n<li>Mais informa\u00e7\u00f5es: <a href=\"https:\/\/cmjp.pb.gov.br\/\" target=\"_blank\" rel=\"noopener noreferrer\">www.cmjp.pb.gov.br<\/a><\/li>\n<li>Mais sobre C\u00e2maras Municipais: <a href=\"https:\/\/www.camaramunicipal.com.br\/sobre\/camara-municipal-de-joao-pessoa-pb\" target=\"_blank\" rel=\"noopener\">CamaraMunicipal.com.br<\/a><\/li>\n<\/ul>\n<h4>Mapa de localiza\u00e7\u00e3o<\/h4>\n<a class=\"wp-colorbox-iframe\" href=\"https:\/\/www.google.com\/maps\/embed?pb=!1m14!1m8!1m3!1d15836.09064394317!2d-34.884099!3d-7.123371!3m2!1i1024!2i768!4f13.1!3m3!1m2!1s0x00xd397d17e9f835d3a!2sCmara+Municipal+de+Joo+Pessoa!5e0!3m2!1spt-BR!2sbr!4v1563531325148!5m2!1spt-BR!2sbr\"><img decoding=\"async\" src=\"http:\/\/www.encontrajoaopessoa.com.br\/imgs\/maps-post.png\"><\/a>\n\n<div style=\"font-size: 0px; height: 0px; line-height: 0px; margin: 0; padding: 0; clear: both;\"><\/div>","protected":false},"excerpt":{"rendered":"<p>A C\u00e2mara Municipal de Jo\u00e3o Pessoa tem a fun\u00e7\u00e3o institucional de legislar sobre assuntos de compet\u00eancia do munic\u00edpio, bem como fiscalizar e controlar os atos da administra\u00e7\u00e3o direta e indireta, especialmente a gest\u00e3o do dinheiro p\u00fablico, o julgamento das contas apresentadas pelo prefeito e a vigil\u00e2ncia dos neg\u00f3cios do Poder Executivo. Outras atribui\u00e7\u00f5es s\u00e3o as de assessorar e julgar infra\u00e7\u00f5es. O assessoramento consiste em sugerir medidas de interesse p\u00fablico \u00e0 administra\u00e7\u00e3o municipal, al\u00e9m de intermediar junto ao governo a respeito das demandas apresentadas pela popula\u00e7\u00e3o. J\u00e1 a fun\u00e7\u00e3o julgadora da C\u00e2mara se d\u00e1 na aprecia\u00e7\u00e3o de infra\u00e7\u00f5es pol\u00edtico-administrativas ou \u00e9tico <\/p>\n","protected":false},"author":1,"featured_media":0,"parent":0,"menu_order":0,"comment_status":"closed","ping_status":"closed","template":"","meta":{"footnotes":""},"class_list":["post-753","page","type-page","status-publish","hentry"],"yoast_head":"<!-- This site is optimized with the Yoast SEO plugin v26.4 - https:\/\/yoast.com\/wordpress\/plugins\/seo\/ -->\n<title>C\u00e2mara Municipal de Jo\u00e3o Pessoa: Hist\u00f3ria, Vereadores, Concursos<\/title>\n<meta name=\"description\" content=\"Veja sobre a ( C\u00e2mara Municipal em Jo\u00e3o Pessoa ) - Informa\u00e7\u00f5es, hist\u00f3ria, vereadores, concursos, hor\u00e1rio de funcionamento, endere\u00e7o e telefone. CLIQUE AQUI!\" \/>\n<meta name=\"robots\" content=\"index, follow, max-snippet:-1, max-image-preview:large, max-video-preview:-1\" \/>\n<link rel=\"canonical\" href=\"https:\/\/www.encontrajoaopessoa.com.br\/sobre\/camara-municipal-de-joao-pessoa\/\" \/>\n<meta property=\"og:locale\" content=\"pt_BR\" \/>\n<meta property=\"og:type\" content=\"article\" \/>\n<meta property=\"og:title\" content=\"C\u00e2mara Municipal de Jo\u00e3o Pessoa: Hist\u00f3ria, Vereadores, Concursos\" \/>\n<meta property=\"og:description\" content=\"Veja sobre a ( C\u00e2mara Municipal em Jo\u00e3o Pessoa ) - Informa\u00e7\u00f5es, hist\u00f3ria, vereadores, concursos, hor\u00e1rio de funcionamento, endere\u00e7o e telefone. CLIQUE AQUI!\" \/>\n<meta property=\"og:url\" content=\"https:\/\/www.encontrajoaopessoa.com.br\/sobre\/camara-municipal-de-joao-pessoa\/\" \/>\n<meta property=\"og:site_name\" content=\"Encontra Jo\u00e3o Pessoa\" \/>\n<meta property=\"article:modified_time\" content=\"2023-12-05T19:11:56+00:00\" \/>\n<meta property=\"og:image\" content=\"https:\/\/www.encontrajoaopessoa.com.br\/sobre\/wp-content\/uploads\/2019\/07\/camara-municipal-joao-pessoa.gif\" \/>\n<meta name=\"twitter:card\" content=\"summary_large_image\" \/>\n<meta name=\"twitter:label1\" content=\"Est. tempo de leitura\" \/>\n\t<meta name=\"twitter:data1\" content=\"6 minutos\" \/>\n<script type=\"application\/ld+json\" class=\"yoast-schema-graph\">{\"@context\":\"https:\/\/schema.org\",\"@graph\":[{\"@type\":\"WebPage\",\"@id\":\"https:\/\/www.encontrajoaopessoa.com.br\/sobre\/camara-municipal-de-joao-pessoa\/\",\"url\":\"https:\/\/www.encontrajoaopessoa.com.br\/sobre\/camara-municipal-de-joao-pessoa\/\",\"name\":\"C\u00e2mara Municipal de Jo\u00e3o Pessoa: Hist\u00f3ria, Vereadores, Concursos\",\"isPartOf\":{\"@id\":\"https:\/\/www.encontrajoaopessoa.com.br\/sobre\/#website\"},\"primaryImageOfPage\":{\"@id\":\"https:\/\/www.encontrajoaopessoa.com.br\/sobre\/camara-municipal-de-joao-pessoa\/#primaryimage\"},\"image\":{\"@id\":\"https:\/\/www.encontrajoaopessoa.com.br\/sobre\/camara-municipal-de-joao-pessoa\/#primaryimage\"},\"thumbnailUrl\":\"https:\/\/www.encontrajoaopessoa.com.br\/sobre\/wp-content\/uploads\/2019\/07\/camara-municipal-joao-pessoa.gif\",\"datePublished\":\"2019-07-19T10:34:13+00:00\",\"dateModified\":\"2023-12-05T19:11:56+00:00\",\"description\":\"Veja sobre a ( C\u00e2mara Municipal em Jo\u00e3o Pessoa ) - Informa\u00e7\u00f5es, hist\u00f3ria, vereadores, concursos, hor\u00e1rio de funcionamento, endere\u00e7o e telefone. CLIQUE AQUI!\",\"breadcrumb\":{\"@id\":\"https:\/\/www.encontrajoaopessoa.com.br\/sobre\/camara-municipal-de-joao-pessoa\/#breadcrumb\"},\"inLanguage\":\"pt-BR\",\"potentialAction\":[{\"@type\":\"ReadAction\",\"target\":[\"https:\/\/www.encontrajoaopessoa.com.br\/sobre\/camara-municipal-de-joao-pessoa\/\"]}]},{\"@type\":\"ImageObject\",\"inLanguage\":\"pt-BR\",\"@id\":\"https:\/\/www.encontrajoaopessoa.com.br\/sobre\/camara-municipal-de-joao-pessoa\/#primaryimage\",\"url\":\"https:\/\/www.encontrajoaopessoa.com.br\/sobre\/wp-content\/uploads\/2019\/07\/camara-municipal-joao-pessoa.gif\",\"contentUrl\":\"https:\/\/www.encontrajoaopessoa.com.br\/sobre\/wp-content\/uploads\/2019\/07\/camara-municipal-joao-pessoa.gif\",\"width\":680,\"height\":189},{\"@type\":\"BreadcrumbList\",\"@id\":\"https:\/\/www.encontrajoaopessoa.com.br\/sobre\/camara-municipal-de-joao-pessoa\/#breadcrumb\",\"itemListElement\":[{\"@type\":\"ListItem\",\"position\":1,\"name\":\"In\u00edcio\",\"item\":\"https:\/\/www.encontrajoaopessoa.com.br\/sobre\/\"},{\"@type\":\"ListItem\",\"position\":2,\"name\":\"C\u00e2mara Municipal de Jo\u00e3o Pessoa\"}]},{\"@type\":\"WebSite\",\"@id\":\"https:\/\/www.encontrajoaopessoa.com.br\/sobre\/#website\",\"url\":\"https:\/\/www.encontrajoaopessoa.com.br\/sobre\/\",\"name\":\"Encontra Jo\u00e3o Pessoa\",\"description\":\"Not\u00edcias, eventos, informa\u00e7\u00f5es e dicas na cidade Jo\u00e3o Pessoa e regi\u00e3o.\",\"potentialAction\":[{\"@type\":\"SearchAction\",\"target\":{\"@type\":\"EntryPoint\",\"urlTemplate\":\"https:\/\/www.encontrajoaopessoa.com.br\/sobre\/?s={search_term_string}\"},\"query-input\":{\"@type\":\"PropertyValueSpecification\",\"valueRequired\":true,\"valueName\":\"search_term_string\"}}],\"inLanguage\":\"pt-BR\"}]}<\/script>\n<!-- \/ Yoast SEO plugin. -->","yoast_head_json":{"title":"C\u00e2mara Municipal de Jo\u00e3o Pessoa: Hist\u00f3ria, Vereadores, Concursos","description":"Veja sobre a ( C\u00e2mara Municipal em Jo\u00e3o Pessoa ) - Informa\u00e7\u00f5es, hist\u00f3ria, vereadores, concursos, hor\u00e1rio de funcionamento, endere\u00e7o e telefone. CLIQUE AQUI!","robots":{"index":"index","follow":"follow","max-snippet":"max-snippet:-1","max-image-preview":"max-image-preview:large","max-video-preview":"max-video-preview:-1"},"canonical":"https:\/\/www.encontrajoaopessoa.com.br\/sobre\/camara-municipal-de-joao-pessoa\/","og_locale":"pt_BR","og_type":"article","og_title":"C\u00e2mara Municipal de Jo\u00e3o Pessoa: Hist\u00f3ria, Vereadores, Concursos","og_description":"Veja sobre a ( C\u00e2mara Municipal em Jo\u00e3o Pessoa ) - Informa\u00e7\u00f5es, hist\u00f3ria, vereadores, concursos, hor\u00e1rio de funcionamento, endere\u00e7o e telefone. CLIQUE AQUI!","og_url":"https:\/\/www.encontrajoaopessoa.com.br\/sobre\/camara-municipal-de-joao-pessoa\/","og_site_name":"Encontra Jo\u00e3o Pessoa","article_modified_time":"2023-12-05T19:11:56+00:00","og_image":[{"url":"https:\/\/www.encontrajoaopessoa.com.br\/sobre\/wp-content\/uploads\/2019\/07\/camara-municipal-joao-pessoa.gif","type":"","width":"","height":""}],"twitter_card":"summary_large_image","twitter_misc":{"Est. tempo de leitura":"6 minutos"},"schema":{"@context":"https:\/\/schema.org","@graph":[{"@type":"WebPage","@id":"https:\/\/www.encontrajoaopessoa.com.br\/sobre\/camara-municipal-de-joao-pessoa\/","url":"https:\/\/www.encontrajoaopessoa.com.br\/sobre\/camara-municipal-de-joao-pessoa\/","name":"C\u00e2mara Municipal de Jo\u00e3o Pessoa: Hist\u00f3ria, Vereadores, Concursos","isPartOf":{"@id":"https:\/\/www.encontrajoaopessoa.com.br\/sobre\/#website"},"primaryImageOfPage":{"@id":"https:\/\/www.encontrajoaopessoa.com.br\/sobre\/camara-municipal-de-joao-pessoa\/#primaryimage"},"image":{"@id":"https:\/\/www.encontrajoaopessoa.com.br\/sobre\/camara-municipal-de-joao-pessoa\/#primaryimage"},"thumbnailUrl":"https:\/\/www.encontrajoaopessoa.com.br\/sobre\/wp-content\/uploads\/2019\/07\/camara-municipal-joao-pessoa.gif","datePublished":"2019-07-19T10:34:13+00:00","dateModified":"2023-12-05T19:11:56+00:00","description":"Veja sobre a ( C\u00e2mara Municipal em Jo\u00e3o Pessoa ) - Informa\u00e7\u00f5es, hist\u00f3ria, vereadores, concursos, hor\u00e1rio de funcionamento, endere\u00e7o e telefone. CLIQUE AQUI!","breadcrumb":{"@id":"https:\/\/www.encontrajoaopessoa.com.br\/sobre\/camara-municipal-de-joao-pessoa\/#breadcrumb"},"inLanguage":"pt-BR","potentialAction":[{"@type":"ReadAction","target":["https:\/\/www.encontrajoaopessoa.com.br\/sobre\/camara-municipal-de-joao-pessoa\/"]}]},{"@type":"ImageObject","inLanguage":"pt-BR","@id":"https:\/\/www.encontrajoaopessoa.com.br\/sobre\/camara-municipal-de-joao-pessoa\/#primaryimage","url":"https:\/\/www.encontrajoaopessoa.com.br\/sobre\/wp-content\/uploads\/2019\/07\/camara-municipal-joao-pessoa.gif","contentUrl":"https:\/\/www.encontrajoaopessoa.com.br\/sobre\/wp-content\/uploads\/2019\/07\/camara-municipal-joao-pessoa.gif","width":680,"height":189},{"@type":"BreadcrumbList","@id":"https:\/\/www.encontrajoaopessoa.com.br\/sobre\/camara-municipal-de-joao-pessoa\/#breadcrumb","itemListElement":[{"@type":"ListItem","position":1,"name":"In\u00edcio","item":"https:\/\/www.encontrajoaopessoa.com.br\/sobre\/"},{"@type":"ListItem","position":2,"name":"C\u00e2mara Municipal de Jo\u00e3o Pessoa"}]},{"@type":"WebSite","@id":"https:\/\/www.encontrajoaopessoa.com.br\/sobre\/#website","url":"https:\/\/www.encontrajoaopessoa.com.br\/sobre\/","name":"Encontra Jo\u00e3o Pessoa","description":"Not\u00edcias, eventos, informa\u00e7\u00f5es e dicas na cidade Jo\u00e3o Pessoa e regi\u00e3o.","potentialAction":[{"@type":"SearchAction","target":{"@type":"EntryPoint","urlTemplate":"https:\/\/www.encontrajoaopessoa.com.br\/sobre\/?s={search_term_string}"},"query-input":{"@type":"PropertyValueSpecification","valueRequired":true,"valueName":"search_term_string"}}],"inLanguage":"pt-BR"}]}},"_links":{"self":[{"href":"https:\/\/www.encontrajoaopessoa.com.br\/sobre\/wp-json\/wp\/v2\/pages\/753","targetHints":{"allow":["GET"]}}],"collection":[{"href":"https:\/\/www.encontrajoaopessoa.com.br\/sobre\/wp-json\/wp\/v2\/pages"}],"about":[{"href":"https:\/\/www.encontrajoaopessoa.com.br\/sobre\/wp-json\/wp\/v2\/types\/page"}],"author":[{"embeddable":true,"href":"https:\/\/www.encontrajoaopessoa.com.br\/sobre\/wp-json\/wp\/v2\/users\/1"}],"replies":[{"embeddable":true,"href":"https:\/\/www.encontrajoaopessoa.com.br\/sobre\/wp-json\/wp\/v2\/comments?post=753"}],"version-history":[{"count":0,"href":"https:\/\/www.encontrajoaopessoa.com.br\/sobre\/wp-json\/wp\/v2\/pages\/753\/revisions"}],"wp:attachment":[{"href":"https:\/\/www.encontrajoaopessoa.com.br\/sobre\/wp-json\/wp\/v2\/media?parent=753"}],"curies":[{"name":"wp","href":"https:\/\/api.w.org\/{rel}","templated":true}]}}