{"id":690,"date":"2019-07-04T05:49:04","date_gmt":"2019-07-04T08:49:04","guid":{"rendered":"https:\/\/www.encontrajoaopessoa.com.br\/sobre\/?page_id=690"},"modified":"2019-08-26T14:01:25","modified_gmt":"2019-08-26T17:01:25","slug":"sebrae-joao-pessoa","status":"publish","type":"page","link":"https:\/\/www.encontrajoaopessoa.com.br\/sobre\/sebrae-joao-pessoa\/","title":{"rendered":"Sebrae Jo\u00e3o Pessoa"},"content":{"rendered":"<div class=\"866aa4a7c674253f40eaa20e0e3e928c\" data-index=\"1\" style=\"float: none; margin:0px;\">\n<!-- Anuncio display - global -->\r\n<ins class=\"adsbygoogle\"\r\n     style=\"display:block\"\r\n     data-ad-client=\"ca-pub-8585364105181520\"\r\n     data-ad-slot=\"8789329856\"\r\n     data-ad-format=\"auto\"\r\n     data-full-width-responsive=\"true\"><\/ins>\r\n<script>\r\n     (adsbygoogle = window.adsbygoogle || []).push({});\r\n<\/script>\n<\/div>\n<p>O\u00a0<em>Servi\u00e7o Brasileiro de Apoio \u00e0s Micro e Pequenas Empresas (Sebrae)<\/em>\u00a0\u00e9 uma entidade privada sem fins lucrativos. \u00c9 um agente de capacita\u00e7\u00e3o e de promo\u00e7\u00e3o do desenvolvimento, criado para dar apoio aos pequenos neg\u00f3cios de todo o pa\u00eds.<\/p>\n<p>O\u00a0<strong>Sebrae Jo\u00e3o Pessoa<\/strong>\u00a0\u00e9 agente de capacita\u00e7\u00e3o e de promo\u00e7\u00e3o do desenvolvimento, mas n\u00e3o \u00e9 uma institui\u00e7\u00e3o financeira, por isso n\u00e3o empresta dinheiro.<\/p>\n<p><img loading=\"lazy\" decoding=\"async\" class=\"alignnone wp-image-691 size-full\" title=\"Sebrae Jo\u00e3o Pessoa\" src=\"https:\/\/www.encontrajoaopessoa.com.br\/sobre\/wp-content\/uploads\/2019\/07\/sebrae-fortaleza.gif\" alt=\"Sebrae Jo\u00e3o Pessoa\" width=\"680\" height=\"189\" \/><\/p>\n<p>Articula (junto aos bancos, cooperativas de cr\u00e9dito e institui\u00e7\u00f5es de microcr\u00e9dito) a cria\u00e7\u00e3o de produtos financeiros adequados \u00e0s necessidades do segmento. Tamb\u00e9m orienta os empreendedores para que o acesso ao cr\u00e9dito seja, de fato, um instrumento de melhoria do neg\u00f3cio.<em><br \/>\n<\/em><\/p>\n<h2>Sebrae Jo\u00e3o Pessoa Cursos<\/h2>\n<p>O Sebrae possui na internet uma plataforma de cursos EAD (Ensino \u00e0 Dist\u00e2ncia), basta acessar o site\u00a0<a href=\"http:\/\/ead.sebrae.com.br\/\" target=\"_blank\" rel=\"noopener noreferrer\">ead.sebrae.com.br<\/a>\u00a0e fazer a sua matr\u00edcula gratuita. Os cursos podem ser realizados pela internet de forma gratuita. A maioria deles est\u00e1 dispon\u00edvel para qualquer pessoa f\u00edsica (CPF), alguns s\u00e3o direcionados exclusivamente as pessoas que j\u00e1 possuem um CNPJ (Cadastro Nacional de Pessoa Jur\u00eddica).<\/p>\n<p>Ao completar um dos cursos gratuitos \u00e9 poss\u00edvel obter um certificado de conclus\u00e3o de curso, que pode ajudar no seu curr\u00edculo profissional.<\/p>\n<h3>Sebrae Jo\u00e3o Pessoa MEI<\/h3>\n<p>O trabalhador conhecido como informal pode se tornar um Microempreendedor Individual legalizado e passar a ter CNPJ, o que facilitar\u00e1 a abertura de conta banc\u00e1ria, o pedido de empr\u00e9stimos e a emiss\u00e3o de notas fiscais.<\/p>\n<p>Para ser um microempreendedor individual, \u00e9 necess\u00e1rio faturar hoje at\u00e9 R$ 60.000,00 por ano ou R$ 5.000,00 por m\u00eas, n\u00e3o ter participa\u00e7\u00e3o em outra empresa como s\u00f3cio ou titular e ter no m\u00e1ximo um empregado contratado que receba o sal\u00e1rio m\u00ednimo ou o piso da categoria.<\/p>\n<p>O MEI ser\u00e1 enquadrado no Simples Nacional e ficar\u00e1 isento dos tributos federais (Imposto de Renda, PIS, Cofins, IPI e CSLL). O MEI tem direito aos benef\u00edcios previdenci\u00e1rios, como aux\u00edlio-maternidade, aux\u00edlio-doen\u00e7a, aposentadoria, entre outros.<ins class=\"adsbygoogle\" data-ad-layout=\"in-article\" data-ad-format=\"fluid\" data-ad-client=\"ca-pub-6414922941841817\" data-ad-slot=\"1158071521\" data-adsbygoogle-status=\"done\"><ins id=\"aswift_3_expand\"><ins id=\"aswift_3_anchor\"><\/ins><\/ins><\/ins><\/p>\n<p>O Sebrae Jo\u00e3o Pessoa oferece auxilio sobre o assunto, caso preciso.<\/p>\n<h3>Vagas Sebrae Jo\u00e3o Pessoa \u2013 Trabalhe Conosco<\/h3>\n<p>As oportunidades de trabalho no Sebrae em Jo\u00e3o Pessoa s\u00e3o divulgadas em jornais de grande circula\u00e7\u00e3o e no Portal Sebrae.<\/p>\n<h3>Hor\u00e1rio de Funcionamento Sebrae em Jo\u00e3o Pessoa<\/h3>\n<ul>\n<li><strong>Estados:<\/strong> Segunda a Sexta das 08h \u00e0s 18h<\/li>\n<li><strong>Shopping Sebrae:<\/strong> Segunda a S\u00e1bado das 10h \u00e0s 20h<\/li>\n<li><strong>Mangabeira:<\/strong> Segunda a Sexta das 08h \u00e0s 18h \/ S\u00e1bado das 08h \u00e0s 12h<\/li>\n<\/ul>\n<h3>Endere\u00e7o e Telefone Sebrae em Jo\u00e3o Pessoa<\/h3>\n<ul>\n<li><strong>Estados:<\/strong> Av. Maranh\u00e3o, 983 &#8211; Telefone: (83) 2108-1100<\/li>\n<li><strong>Shopping Sebrae:<\/strong> Rua Joaquim Pires Ferreira, s\/n &#8211; Telefone: (83) 3244-8988<\/li>\n<li><strong>Mangabeira:<\/strong> Rua Josefa Taveira, 1350 &#8211; Telefone: (83) 3213-8300<\/li>\n<\/ul>\n<h4>Outras informa\u00e7\u00f5es e site<\/h4>\n<ul>\n<li>Mais informa\u00e7\u00f5es:\u00a0<a href=\"http:\/\/www.sebrae.com.br\/\" target=\"_blank\" rel=\"noopener noreferrer\">www.sebrae.com.br<\/a><\/li>\n<li>CNPJ: 09.139.551\/0001-05<\/li>\n<\/ul>\n<h4>Mapa de localiza\u00e7\u00e3o Estados<\/h4>\n<a class=\"wp-colorbox-iframe\" href=\"https:\/\/www.google.com\/maps\/embed?pb=!1m18!1m12!1m3!1d3959.129589161704!2d-34.85766408522601!3d-7.110977494864848!2m3!1f0!2f0!3f0!3m2!1i1024!2i768!4f13.1!3m3!1m2!1s0x7acdd5bf2ad1f270x7bdd8c9c0c6f9c60!2sAv.+Maranho+983+-+Estados+Joo+Pessoa+-+PB+58030-260!5e0!3m2!1spt-BR!2sbr!4v1562230020583!5m2!1spt-BR!2sbr\"><img decoding=\"async\" src=\"http:\/\/www.encontrajoaopessoa.com.br\/imgs\/maps-post.png\"><\/a>\n\n<div style=\"font-size: 0px; height: 0px; line-height: 0px; margin: 0; padding: 0; clear: both;\"><\/div>","protected":false},"excerpt":{"rendered":"<p>O\u00a0Servi\u00e7o Brasileiro de Apoio \u00e0s Micro e Pequenas Empresas (Sebrae)\u00a0\u00e9 uma entidade privada sem fins lucrativos. \u00c9 um agente de capacita\u00e7\u00e3o e de promo\u00e7\u00e3o do desenvolvimento, criado para dar apoio aos pequenos neg\u00f3cios de todo o pa\u00eds. O\u00a0Sebrae Jo\u00e3o Pessoa\u00a0\u00e9 agente de capacita\u00e7\u00e3o e de promo\u00e7\u00e3o do desenvolvimento, mas n\u00e3o \u00e9 uma institui\u00e7\u00e3o financeira, por isso n\u00e3o empresta dinheiro. Articula (junto aos bancos, cooperativas de cr\u00e9dito e institui\u00e7\u00f5es de microcr\u00e9dito) a cria\u00e7\u00e3o de produtos financeiros adequados \u00e0s necessidades do segmento. Tamb\u00e9m orienta os empreendedores para que o acesso ao cr\u00e9dito seja, de fato, um instrumento de melhoria do neg\u00f3cio. Sebrae <\/p>\n","protected":false},"author":1,"featured_media":0,"parent":0,"menu_order":0,"comment_status":"closed","ping_status":"closed","template":"","meta":{"footnotes":""},"class_list":["post-690","page","type-page","status-publish","hentry"],"yoast_head":"<!-- This site is optimized with the Yoast SEO plugin v26.4 - https:\/\/yoast.com\/wordpress\/plugins\/seo\/ -->\n<title>Sebrae Jo\u00e3o Pessoa: Cursos, Mei, Vagas, CNPJ, Endere\u00e7o, Telefone<\/title>\n<meta name=\"description\" content=\"Veja sobre o ( Sebrae em Jo\u00e3o Pessoa ) - Informa\u00e7\u00f5es, cursos, Mei, vagas, cnpj, hor\u00e1rio de funcionamento, endere\u00e7o e telefone. CLIQUE AQUI!\" \/>\n<meta name=\"robots\" content=\"index, follow, max-snippet:-1, max-image-preview:large, max-video-preview:-1\" \/>\n<link rel=\"canonical\" href=\"https:\/\/www.encontrajoaopessoa.com.br\/sobre\/sebrae-joao-pessoa\/\" \/>\n<meta property=\"og:locale\" content=\"pt_BR\" \/>\n<meta property=\"og:type\" content=\"article\" \/>\n<meta property=\"og:title\" content=\"Sebrae Jo\u00e3o Pessoa: Cursos, Mei, Vagas, CNPJ, Endere\u00e7o, Telefone\" \/>\n<meta property=\"og:description\" content=\"Veja sobre o ( Sebrae em Jo\u00e3o Pessoa ) - Informa\u00e7\u00f5es, cursos, Mei, vagas, cnpj, hor\u00e1rio de funcionamento, endere\u00e7o e telefone. CLIQUE AQUI!\" \/>\n<meta property=\"og:url\" content=\"https:\/\/www.encontrajoaopessoa.com.br\/sobre\/sebrae-joao-pessoa\/\" \/>\n<meta property=\"og:site_name\" content=\"Encontra Jo\u00e3o Pessoa\" \/>\n<meta property=\"article:modified_time\" content=\"2019-08-26T17:01:25+00:00\" \/>\n<meta property=\"og:image\" content=\"https:\/\/www.encontrajoaopessoa.com.br\/sobre\/wp-content\/uploads\/2019\/07\/sebrae-fortaleza.gif\" \/>\n<meta name=\"twitter:card\" content=\"summary_large_image\" \/>\n<meta name=\"twitter:label1\" content=\"Est. tempo de leitura\" \/>\n\t<meta name=\"twitter:data1\" content=\"3 minutos\" \/>\n<script type=\"application\/ld+json\" class=\"yoast-schema-graph\">{\"@context\":\"https:\/\/schema.org\",\"@graph\":[{\"@type\":\"WebPage\",\"@id\":\"https:\/\/www.encontrajoaopessoa.com.br\/sobre\/sebrae-joao-pessoa\/\",\"url\":\"https:\/\/www.encontrajoaopessoa.com.br\/sobre\/sebrae-joao-pessoa\/\",\"name\":\"Sebrae Jo\u00e3o Pessoa: Cursos, Mei, Vagas, CNPJ, Endere\u00e7o, Telefone\",\"isPartOf\":{\"@id\":\"https:\/\/www.encontrajoaopessoa.com.br\/sobre\/#website\"},\"primaryImageOfPage\":{\"@id\":\"https:\/\/www.encontrajoaopessoa.com.br\/sobre\/sebrae-joao-pessoa\/#primaryimage\"},\"image\":{\"@id\":\"https:\/\/www.encontrajoaopessoa.com.br\/sobre\/sebrae-joao-pessoa\/#primaryimage\"},\"thumbnailUrl\":\"https:\/\/www.encontrajoaopessoa.com.br\/sobre\/wp-content\/uploads\/2019\/07\/sebrae-fortaleza.gif\",\"datePublished\":\"2019-07-04T08:49:04+00:00\",\"dateModified\":\"2019-08-26T17:01:25+00:00\",\"description\":\"Veja sobre o ( Sebrae em Jo\u00e3o Pessoa ) - Informa\u00e7\u00f5es, cursos, Mei, vagas, cnpj, hor\u00e1rio de funcionamento, endere\u00e7o e telefone. CLIQUE AQUI!\",\"breadcrumb\":{\"@id\":\"https:\/\/www.encontrajoaopessoa.com.br\/sobre\/sebrae-joao-pessoa\/#breadcrumb\"},\"inLanguage\":\"pt-BR\",\"potentialAction\":[{\"@type\":\"ReadAction\",\"target\":[\"https:\/\/www.encontrajoaopessoa.com.br\/sobre\/sebrae-joao-pessoa\/\"]}]},{\"@type\":\"ImageObject\",\"inLanguage\":\"pt-BR\",\"@id\":\"https:\/\/www.encontrajoaopessoa.com.br\/sobre\/sebrae-joao-pessoa\/#primaryimage\",\"url\":\"https:\/\/www.encontrajoaopessoa.com.br\/sobre\/wp-content\/uploads\/2019\/07\/sebrae-fortaleza.gif\",\"contentUrl\":\"https:\/\/www.encontrajoaopessoa.com.br\/sobre\/wp-content\/uploads\/2019\/07\/sebrae-fortaleza.gif\",\"width\":680,\"height\":189},{\"@type\":\"BreadcrumbList\",\"@id\":\"https:\/\/www.encontrajoaopessoa.com.br\/sobre\/sebrae-joao-pessoa\/#breadcrumb\",\"itemListElement\":[{\"@type\":\"ListItem\",\"position\":1,\"name\":\"In\u00edcio\",\"item\":\"https:\/\/www.encontrajoaopessoa.com.br\/sobre\/\"},{\"@type\":\"ListItem\",\"position\":2,\"name\":\"Sebrae Jo\u00e3o Pessoa\"}]},{\"@type\":\"WebSite\",\"@id\":\"https:\/\/www.encontrajoaopessoa.com.br\/sobre\/#website\",\"url\":\"https:\/\/www.encontrajoaopessoa.com.br\/sobre\/\",\"name\":\"Encontra Jo\u00e3o Pessoa\",\"description\":\"Not\u00edcias, eventos, informa\u00e7\u00f5es e dicas na cidade Jo\u00e3o Pessoa e regi\u00e3o.\",\"potentialAction\":[{\"@type\":\"SearchAction\",\"target\":{\"@type\":\"EntryPoint\",\"urlTemplate\":\"https:\/\/www.encontrajoaopessoa.com.br\/sobre\/?s={search_term_string}\"},\"query-input\":{\"@type\":\"PropertyValueSpecification\",\"valueRequired\":true,\"valueName\":\"search_term_string\"}}],\"inLanguage\":\"pt-BR\"}]}<\/script>\n<!-- \/ Yoast SEO plugin. -->","yoast_head_json":{"title":"Sebrae Jo\u00e3o Pessoa: Cursos, Mei, Vagas, CNPJ, Endere\u00e7o, Telefone","description":"Veja sobre o ( Sebrae em Jo\u00e3o Pessoa ) - Informa\u00e7\u00f5es, cursos, Mei, vagas, cnpj, hor\u00e1rio de funcionamento, endere\u00e7o e telefone. CLIQUE AQUI!","robots":{"index":"index","follow":"follow","max-snippet":"max-snippet:-1","max-image-preview":"max-image-preview:large","max-video-preview":"max-video-preview:-1"},"canonical":"https:\/\/www.encontrajoaopessoa.com.br\/sobre\/sebrae-joao-pessoa\/","og_locale":"pt_BR","og_type":"article","og_title":"Sebrae Jo\u00e3o Pessoa: Cursos, Mei, Vagas, CNPJ, Endere\u00e7o, Telefone","og_description":"Veja sobre o ( Sebrae em Jo\u00e3o Pessoa ) - Informa\u00e7\u00f5es, cursos, Mei, vagas, cnpj, hor\u00e1rio de funcionamento, endere\u00e7o e telefone. CLIQUE AQUI!","og_url":"https:\/\/www.encontrajoaopessoa.com.br\/sobre\/sebrae-joao-pessoa\/","og_site_name":"Encontra Jo\u00e3o Pessoa","article_modified_time":"2019-08-26T17:01:25+00:00","og_image":[{"url":"https:\/\/www.encontrajoaopessoa.com.br\/sobre\/wp-content\/uploads\/2019\/07\/sebrae-fortaleza.gif","type":"","width":"","height":""}],"twitter_card":"summary_large_image","twitter_misc":{"Est. tempo de leitura":"3 minutos"},"schema":{"@context":"https:\/\/schema.org","@graph":[{"@type":"WebPage","@id":"https:\/\/www.encontrajoaopessoa.com.br\/sobre\/sebrae-joao-pessoa\/","url":"https:\/\/www.encontrajoaopessoa.com.br\/sobre\/sebrae-joao-pessoa\/","name":"Sebrae Jo\u00e3o Pessoa: Cursos, Mei, Vagas, CNPJ, Endere\u00e7o, Telefone","isPartOf":{"@id":"https:\/\/www.encontrajoaopessoa.com.br\/sobre\/#website"},"primaryImageOfPage":{"@id":"https:\/\/www.encontrajoaopessoa.com.br\/sobre\/sebrae-joao-pessoa\/#primaryimage"},"image":{"@id":"https:\/\/www.encontrajoaopessoa.com.br\/sobre\/sebrae-joao-pessoa\/#primaryimage"},"thumbnailUrl":"https:\/\/www.encontrajoaopessoa.com.br\/sobre\/wp-content\/uploads\/2019\/07\/sebrae-fortaleza.gif","datePublished":"2019-07-04T08:49:04+00:00","dateModified":"2019-08-26T17:01:25+00:00","description":"Veja sobre o ( Sebrae em Jo\u00e3o Pessoa ) - Informa\u00e7\u00f5es, cursos, Mei, vagas, cnpj, hor\u00e1rio de funcionamento, endere\u00e7o e telefone. CLIQUE AQUI!","breadcrumb":{"@id":"https:\/\/www.encontrajoaopessoa.com.br\/sobre\/sebrae-joao-pessoa\/#breadcrumb"},"inLanguage":"pt-BR","potentialAction":[{"@type":"ReadAction","target":["https:\/\/www.encontrajoaopessoa.com.br\/sobre\/sebrae-joao-pessoa\/"]}]},{"@type":"ImageObject","inLanguage":"pt-BR","@id":"https:\/\/www.encontrajoaopessoa.com.br\/sobre\/sebrae-joao-pessoa\/#primaryimage","url":"https:\/\/www.encontrajoaopessoa.com.br\/sobre\/wp-content\/uploads\/2019\/07\/sebrae-fortaleza.gif","contentUrl":"https:\/\/www.encontrajoaopessoa.com.br\/sobre\/wp-content\/uploads\/2019\/07\/sebrae-fortaleza.gif","width":680,"height":189},{"@type":"BreadcrumbList","@id":"https:\/\/www.encontrajoaopessoa.com.br\/sobre\/sebrae-joao-pessoa\/#breadcrumb","itemListElement":[{"@type":"ListItem","position":1,"name":"In\u00edcio","item":"https:\/\/www.encontrajoaopessoa.com.br\/sobre\/"},{"@type":"ListItem","position":2,"name":"Sebrae Jo\u00e3o Pessoa"}]},{"@type":"WebSite","@id":"https:\/\/www.encontrajoaopessoa.com.br\/sobre\/#website","url":"https:\/\/www.encontrajoaopessoa.com.br\/sobre\/","name":"Encontra Jo\u00e3o Pessoa","description":"Not\u00edcias, eventos, informa\u00e7\u00f5es e dicas na cidade Jo\u00e3o Pessoa e regi\u00e3o.","potentialAction":[{"@type":"SearchAction","target":{"@type":"EntryPoint","urlTemplate":"https:\/\/www.encontrajoaopessoa.com.br\/sobre\/?s={search_term_string}"},"query-input":{"@type":"PropertyValueSpecification","valueRequired":true,"valueName":"search_term_string"}}],"inLanguage":"pt-BR"}]}},"_links":{"self":[{"href":"https:\/\/www.encontrajoaopessoa.com.br\/sobre\/wp-json\/wp\/v2\/pages\/690","targetHints":{"allow":["GET"]}}],"collection":[{"href":"https:\/\/www.encontrajoaopessoa.com.br\/sobre\/wp-json\/wp\/v2\/pages"}],"about":[{"href":"https:\/\/www.encontrajoaopessoa.com.br\/sobre\/wp-json\/wp\/v2\/types\/page"}],"author":[{"embeddable":true,"href":"https:\/\/www.encontrajoaopessoa.com.br\/sobre\/wp-json\/wp\/v2\/users\/1"}],"replies":[{"embeddable":true,"href":"https:\/\/www.encontrajoaopessoa.com.br\/sobre\/wp-json\/wp\/v2\/comments?post=690"}],"version-history":[{"count":0,"href":"https:\/\/www.encontrajoaopessoa.com.br\/sobre\/wp-json\/wp\/v2\/pages\/690\/revisions"}],"wp:attachment":[{"href":"https:\/\/www.encontrajoaopessoa.com.br\/sobre\/wp-json\/wp\/v2\/media?parent=690"}],"curies":[{"name":"wp","href":"https:\/\/api.w.org\/{rel}","templated":true}]}}