{"id":561,"date":"2019-06-11T06:58:53","date_gmt":"2019-06-11T09:58:53","guid":{"rendered":"https:\/\/www.encontrajoaopessoa.com.br\/sobre\/?page_id=561"},"modified":"2019-06-11T06:58:53","modified_gmt":"2019-06-11T09:58:53","slug":"ifpb-joao-pessoa","status":"publish","type":"page","link":"https:\/\/www.encontrajoaopessoa.com.br\/sobre\/ifpb-joao-pessoa\/","title":{"rendered":"IFPB Jo\u00e3o Pessoa"},"content":{"rendered":"<div class=\"866aa4a7c674253f40eaa20e0e3e928c\" data-index=\"1\" style=\"float: none; margin:0px;\">\n<!-- Anuncio display - global -->\r\n<ins class=\"adsbygoogle\"\r\n     style=\"display:block\"\r\n     data-ad-client=\"ca-pub-8585364105181520\"\r\n     data-ad-slot=\"8789329856\"\r\n     data-ad-format=\"auto\"\r\n     data-full-width-responsive=\"true\"><\/ins>\r\n<script>\r\n     (adsbygoogle = window.adsbygoogle || []).push({});\r\n<\/script>\n<\/div>\n<p>O <strong>IFPB Jo\u00e3o Pessoa<\/strong> \u00e9 o mais antigo do Instituto Federal da Para\u00edba. Atualmente, oferta 15 Cursos Superiores, 09 Cursos T\u00e9cnicos Integrados ao Ensino M\u00e9dio, 07 Cursos T\u00e9cnicos Subsequentes ao Ensino M\u00e9dio, dois cursos de Forma\u00e7\u00e3o Inicial e Continuada (FIC), duas Especializa\u00e7\u00f5es, dois Mestrados Profissionais e um Mestrado Acad\u00eamico.<\/p>\n<p>O campus oferece \u00e0 comunidade acad\u00eamica uma ampla estrutura composta por biblioteca, audit\u00f3rios, parque poliesportivo com piscina, gin\u00e1sios, campo de futebol e sala de muscula\u00e7\u00e3o, gabinete m\u00e9dico-odontol\u00f3gico, salas de aulas e laborat\u00f3rios equipados.<\/p>\n<p><img loading=\"lazy\" decoding=\"async\" class=\"alignnone wp-image-562 size-full\" title=\"IFPB Jo\u00e3o Pessoa\" src=\"https:\/\/www.encontrajoaopessoa.com.br\/sobre\/wp-content\/uploads\/2019\/06\/IFPB-joao-pessoa.gif\" alt=\"IFPB Jo\u00e3o Pessoa\" width=\"680\" height=\"189\" \/><\/p>\n<p>O pr\u00e9dio foi constru\u00eddo nos anos 60 para sediar a Escola T\u00e9cnica Federal da Para\u00edba (ETFPB). Nos anos noventa, transformou-se em unidade sede do CEFET-PB e em 2008 IFPB.\u00a0Hoje, \u00e9 considerado refer\u00eancia em educa\u00e7\u00e3o profissional na capital paraibana, oferecendo cursos de forma\u00e7\u00e3o inicial e continuada e de extens\u00e3o, al\u00e9m dos cursos regulares de ensino m\u00e9dio e t\u00e9cnico e cursos superiores.<\/p>\n<h2>IFPB Jo\u00e3o Pessoa Cursos<\/h2>\n<p>A IFPB oferece os seguintes <em>cursos:<\/em><\/p>\n<p><strong>Gradua\u00e7\u00e3o<\/strong><\/p>\n<ul>\n<li>Administra\u00e7\u00e3o<\/li>\n<li>Administra\u00e7\u00e3o P\u00fablica<\/li>\n<li>Automa\u00e7\u00e3o Industrial<\/li>\n<li>Constru\u00e7\u00e3o de Edif\u00edcios<\/li>\n<li>Design de Interiores<\/li>\n<li>Engenharia Civil<\/li>\n<li>Engenharia El\u00e9trica<\/li>\n<li>Engenharia Mec\u00e2nica<\/li>\n<li>Geoprocessamento<\/li>\n<li>Gest\u00e3o Ambiental<\/li>\n<li>Letras<\/li>\n<li>Matem\u00e1tica<\/li>\n<li>Neg\u00f3cios Imobili\u00e1rios<\/li>\n<li>Qu\u00edmica<\/li>\n<li>Redes de Computadores<\/li>\n<li>Sistemas de Telecomunica\u00e7\u00f5es<\/li>\n<li>Sistemas para Internet<\/li>\n<\/ul>\n<p><strong>P\u00f3s Gradua\u00e7\u00e3o<\/strong><\/p>\n<ul>\n<li>Desenvolvimento e Meio Ambiente<\/li>\n<li>Doc\u00eancia para a Educa\u00e7\u00e3o Profissional e Tecnol\u00f3gica<\/li>\n<li>Educa\u00e7\u00e3o Profissional e Tecnol\u00f3gica em Rede Nacional<\/li>\n<li>Engenharia El\u00e9trica<\/li>\n<li>Ensino de Ci\u00eancias e Matem\u00e1tica<\/li>\n<li>Ensino de L\u00edngua Portuguesa como 2a L\u00edngua para Surdos<\/li>\n<li>Ensino de Matem\u00e1tica<\/li>\n<li>Gest\u00e3o Ambiental de Munic\u00edpios<\/li>\n<li>Gest\u00e3o dos Recursos Ambientais do Semi\u00e1rido<\/li>\n<li>Gest\u00e3o P\u00fablica<\/li>\n<li>Higiene Ocupacional<\/li>\n<li>Libras<\/li>\n<li>L\u00ednguas Estrangeiras Modernas<\/li>\n<li>Matem\u00e1tica<\/li>\n<li>Medicina Veterin\u00e1ria<\/li>\n<li>Propriedade Intelectual e Transfer\u00eancia de Tecnologia para a Inova\u00e7\u00e3o<\/li>\n<li>Tecnologia da Informa\u00e7\u00e3o<\/li>\n<\/ul>\n<p><strong>T\u00e9cnico<\/strong><\/p>\n<ul>\n<li>Administra\u00e7\u00e3o<\/li>\n<li>Agroind\u00fastria<\/li>\n<li>Agropecu\u00e1ria<\/li>\n<li>Automa\u00e7\u00e3o Industrial<\/li>\n<li>Contabilidade<\/li>\n<li>Controle Ambiental<\/li>\n<li>Cuidados de Idosos<\/li>\n<li>Desenho de Constru\u00e7\u00e3o Civil<\/li>\n<li>Edifica\u00e7\u00f5es<\/li>\n<li>Eletromec\u00e2nica<\/li>\n<li>Eletr\u00f4nica<\/li>\n<li>Eletrot\u00e9cnica<\/li>\n<li>Equipamentos Biom\u00e9dicos<\/li>\n<li>Eventos<\/li>\n<li>Geologia<\/li>\n<li>Guia de Turismo<\/li>\n<li>Inform\u00e1tica<\/li>\n<li>Inform\u00e1tica para Internet<\/li>\n<li>Instrumento Musical<\/li>\n<li>Manuten\u00e7\u00e3o e Suporte em Inform\u00e1tica<\/li>\n<li>Mec\u00e2nica<\/li>\n<li>Meio Ambiente<\/li>\n<li>Minera\u00e7\u00e3o<\/li>\n<li>Multim\u00eddia<\/li>\n<li>N\u00e1utica<\/li>\n<li>Pesca<\/li>\n<li>Petr\u00f3leo e G\u00e1s<\/li>\n<li>Qu\u00edmica<\/li>\n<li>Recursos Pesqueiros<\/li>\n<li>Redes de Computadores<\/li>\n<li>Secretariado<\/li>\n<li>Secretaria Escolar<\/li>\n<li>Seguran\u00e7a do Trabalho<\/li>\n<li>Servi\u00e7os de Restaurante e Bar<\/li>\n<li>Servi\u00e7os Jur\u00eddicos<\/li>\n<li>Sistemas de Energia Renov\u00e1vel<\/li>\n<li>Transa\u00e7\u00f5es Imobili\u00e1rias<\/li>\n<li>Transporte Aquavi\u00e1rio<\/li>\n<\/ul>\n<h3>IFPB Jo\u00e3o Pessoa Vestibular<\/h3>\n<p>O IFPB admite alunos atrav\u00e9s de provas de <em>vestibular,<\/em> acesse o site e n\u00e3o perca as datas de inscri\u00e7\u00e3o e provas.<\/p>\n<h3>Hor\u00e1rio de Funcionamento IFPB em Jo\u00e3o Pessoa<\/h3>\n<ul>\n<li>Segunda a Sexta das 08h \u00e0s 18h<\/li>\n<\/ul>\n<h3>Onde fica, Endere\u00e7o e Telefone IFPB em Jo\u00e3o Pessoa<\/h3>\n<ul>\n<li><strong>Jaguaribe:<\/strong> Av. Primeiro de Maio, 720 &#8211; Telefone: (83) 3612-1200<\/li>\n<li><strong>Reitoria:<\/strong> Av. Jo\u00e3o da Mata, 256 &#8211; Telefone: (83) 3612-9701<\/li>\n<li><strong>Centro:<\/strong> Rua das Trincheiras, 275 &#8211; Telefone: (83) 2107-4313<\/li>\n<\/ul>\n<h4>Outras informa\u00e7\u00f5es e site<\/h4>\n<ul>\n<li>Mais informa\u00e7\u00f5es: <a href=\"https:\/\/estudante.ifpb.edu.br\/\" target=\"_blank\" rel=\"noopener noreferrer\">www.estudante.ifpb.edu.br<\/a><\/li>\n<\/ul>\n<h4>Mapa de localiza\u00e7\u00e3o Jaguaribe<\/h4>\n<a class=\"wp-colorbox-iframe\" href=\"https:\/\/www.google.com\/maps\/embed?pb=!1m18!1m12!1m3!1d3958.9170086584168!2d-34.87565508522592!3d-7.135595594847444!2m3!1f0!2f0!3f0!3m2!1i1024!2i768!4f13.1!3m3!1m2!1s0x7ace81a77b5e16d0xfc23158ceeb29729!2sAv.+Primeiro+de+Maio+720+-+Lot.+dos+Sitios+Velho+e+Novo+Joo+Pessoa+-+PB!5e0!3m2!1spt-BR!2sbr!4v1560246756683!5m2!1spt-BR!2sbr\"><img decoding=\"async\" src=\"http:\/\/www.encontrajoaopessoa.com.br\/imgs\/maps-post.png\"><\/a>\n\n<div style=\"font-size: 0px; height: 0px; line-height: 0px; margin: 0; padding: 0; clear: both;\"><\/div>","protected":false},"excerpt":{"rendered":"<p>O IFPB Jo\u00e3o Pessoa \u00e9 o mais antigo do Instituto Federal da Para\u00edba. Atualmente, oferta 15 Cursos Superiores, 09 Cursos T\u00e9cnicos Integrados ao Ensino M\u00e9dio, 07 Cursos T\u00e9cnicos Subsequentes ao Ensino M\u00e9dio, dois cursos de Forma\u00e7\u00e3o Inicial e Continuada (FIC), duas Especializa\u00e7\u00f5es, dois Mestrados Profissionais e um Mestrado Acad\u00eamico. O campus oferece \u00e0 comunidade acad\u00eamica uma ampla estrutura composta por biblioteca, audit\u00f3rios, parque poliesportivo com piscina, gin\u00e1sios, campo de futebol e sala de muscula\u00e7\u00e3o, gabinete m\u00e9dico-odontol\u00f3gico, salas de aulas e laborat\u00f3rios equipados. O pr\u00e9dio foi constru\u00eddo nos anos 60 para sediar a Escola T\u00e9cnica Federal da Para\u00edba (ETFPB). Nos anos <\/p>\n","protected":false},"author":1,"featured_media":0,"parent":0,"menu_order":0,"comment_status":"closed","ping_status":"closed","template":"","meta":{"footnotes":""},"class_list":["post-561","page","type-page","status-publish","hentry"],"yoast_head":"<!-- This site is optimized with the Yoast SEO plugin v26.4 - https:\/\/yoast.com\/wordpress\/plugins\/seo\/ -->\n<title>IFPB Jo\u00e3o Pessoa: Cursos, Endere\u00e7o, Telefone<\/title>\n<meta name=\"description\" content=\"Veja sobre o ( IFPB em Jo\u00e3o Pessoa ) - Informa\u00e7\u00f5es, cursos, hor\u00e1rio de funcionamento, endere\u00e7o e telefone. CLIQUE AQUI!\" \/>\n<meta name=\"robots\" content=\"index, follow, max-snippet:-1, max-image-preview:large, max-video-preview:-1\" \/>\n<link rel=\"canonical\" href=\"https:\/\/www.encontrajoaopessoa.com.br\/sobre\/ifpb-joao-pessoa\/\" \/>\n<meta property=\"og:locale\" content=\"pt_BR\" \/>\n<meta property=\"og:type\" content=\"article\" \/>\n<meta property=\"og:title\" content=\"IFPB Jo\u00e3o Pessoa: Cursos, Endere\u00e7o, Telefone\" \/>\n<meta property=\"og:description\" content=\"Veja sobre o ( IFPB em Jo\u00e3o Pessoa ) - Informa\u00e7\u00f5es, cursos, hor\u00e1rio de funcionamento, endere\u00e7o e telefone. CLIQUE AQUI!\" \/>\n<meta property=\"og:url\" content=\"https:\/\/www.encontrajoaopessoa.com.br\/sobre\/ifpb-joao-pessoa\/\" \/>\n<meta property=\"og:site_name\" content=\"Encontra Jo\u00e3o Pessoa\" \/>\n<meta property=\"og:image\" content=\"https:\/\/www.encontrajoaopessoa.com.br\/sobre\/wp-content\/uploads\/2019\/06\/IFPB-joao-pessoa.gif\" \/>\n<meta name=\"twitter:card\" content=\"summary_large_image\" \/>\n<meta name=\"twitter:label1\" content=\"Est. tempo de leitura\" \/>\n\t<meta name=\"twitter:data1\" content=\"3 minutos\" \/>\n<script type=\"application\/ld+json\" class=\"yoast-schema-graph\">{\"@context\":\"https:\/\/schema.org\",\"@graph\":[{\"@type\":\"WebPage\",\"@id\":\"https:\/\/www.encontrajoaopessoa.com.br\/sobre\/ifpb-joao-pessoa\/\",\"url\":\"https:\/\/www.encontrajoaopessoa.com.br\/sobre\/ifpb-joao-pessoa\/\",\"name\":\"IFPB Jo\u00e3o Pessoa: Cursos, Endere\u00e7o, Telefone\",\"isPartOf\":{\"@id\":\"https:\/\/www.encontrajoaopessoa.com.br\/sobre\/#website\"},\"primaryImageOfPage\":{\"@id\":\"https:\/\/www.encontrajoaopessoa.com.br\/sobre\/ifpb-joao-pessoa\/#primaryimage\"},\"image\":{\"@id\":\"https:\/\/www.encontrajoaopessoa.com.br\/sobre\/ifpb-joao-pessoa\/#primaryimage\"},\"thumbnailUrl\":\"https:\/\/www.encontrajoaopessoa.com.br\/sobre\/wp-content\/uploads\/2019\/06\/IFPB-joao-pessoa.gif\",\"datePublished\":\"2019-06-11T09:58:53+00:00\",\"description\":\"Veja sobre o ( IFPB em Jo\u00e3o Pessoa ) - Informa\u00e7\u00f5es, cursos, hor\u00e1rio de funcionamento, endere\u00e7o e telefone. CLIQUE AQUI!\",\"breadcrumb\":{\"@id\":\"https:\/\/www.encontrajoaopessoa.com.br\/sobre\/ifpb-joao-pessoa\/#breadcrumb\"},\"inLanguage\":\"pt-BR\",\"potentialAction\":[{\"@type\":\"ReadAction\",\"target\":[\"https:\/\/www.encontrajoaopessoa.com.br\/sobre\/ifpb-joao-pessoa\/\"]}]},{\"@type\":\"ImageObject\",\"inLanguage\":\"pt-BR\",\"@id\":\"https:\/\/www.encontrajoaopessoa.com.br\/sobre\/ifpb-joao-pessoa\/#primaryimage\",\"url\":\"https:\/\/www.encontrajoaopessoa.com.br\/sobre\/wp-content\/uploads\/2019\/06\/IFPB-joao-pessoa.gif\",\"contentUrl\":\"https:\/\/www.encontrajoaopessoa.com.br\/sobre\/wp-content\/uploads\/2019\/06\/IFPB-joao-pessoa.gif\",\"width\":680,\"height\":189},{\"@type\":\"BreadcrumbList\",\"@id\":\"https:\/\/www.encontrajoaopessoa.com.br\/sobre\/ifpb-joao-pessoa\/#breadcrumb\",\"itemListElement\":[{\"@type\":\"ListItem\",\"position\":1,\"name\":\"In\u00edcio\",\"item\":\"https:\/\/www.encontrajoaopessoa.com.br\/sobre\/\"},{\"@type\":\"ListItem\",\"position\":2,\"name\":\"IFPB Jo\u00e3o Pessoa\"}]},{\"@type\":\"WebSite\",\"@id\":\"https:\/\/www.encontrajoaopessoa.com.br\/sobre\/#website\",\"url\":\"https:\/\/www.encontrajoaopessoa.com.br\/sobre\/\",\"name\":\"Encontra Jo\u00e3o Pessoa\",\"description\":\"Not\u00edcias, eventos, informa\u00e7\u00f5es e dicas na cidade Jo\u00e3o Pessoa e regi\u00e3o.\",\"potentialAction\":[{\"@type\":\"SearchAction\",\"target\":{\"@type\":\"EntryPoint\",\"urlTemplate\":\"https:\/\/www.encontrajoaopessoa.com.br\/sobre\/?s={search_term_string}\"},\"query-input\":{\"@type\":\"PropertyValueSpecification\",\"valueRequired\":true,\"valueName\":\"search_term_string\"}}],\"inLanguage\":\"pt-BR\"}]}<\/script>\n<!-- \/ Yoast SEO plugin. -->","yoast_head_json":{"title":"IFPB Jo\u00e3o Pessoa: Cursos, Endere\u00e7o, Telefone","description":"Veja sobre o ( IFPB em Jo\u00e3o Pessoa ) - Informa\u00e7\u00f5es, cursos, hor\u00e1rio de funcionamento, endere\u00e7o e telefone. CLIQUE AQUI!","robots":{"index":"index","follow":"follow","max-snippet":"max-snippet:-1","max-image-preview":"max-image-preview:large","max-video-preview":"max-video-preview:-1"},"canonical":"https:\/\/www.encontrajoaopessoa.com.br\/sobre\/ifpb-joao-pessoa\/","og_locale":"pt_BR","og_type":"article","og_title":"IFPB Jo\u00e3o Pessoa: Cursos, Endere\u00e7o, Telefone","og_description":"Veja sobre o ( IFPB em Jo\u00e3o Pessoa ) - Informa\u00e7\u00f5es, cursos, hor\u00e1rio de funcionamento, endere\u00e7o e telefone. CLIQUE AQUI!","og_url":"https:\/\/www.encontrajoaopessoa.com.br\/sobre\/ifpb-joao-pessoa\/","og_site_name":"Encontra Jo\u00e3o Pessoa","og_image":[{"url":"https:\/\/www.encontrajoaopessoa.com.br\/sobre\/wp-content\/uploads\/2019\/06\/IFPB-joao-pessoa.gif","type":"","width":"","height":""}],"twitter_card":"summary_large_image","twitter_misc":{"Est. tempo de leitura":"3 minutos"},"schema":{"@context":"https:\/\/schema.org","@graph":[{"@type":"WebPage","@id":"https:\/\/www.encontrajoaopessoa.com.br\/sobre\/ifpb-joao-pessoa\/","url":"https:\/\/www.encontrajoaopessoa.com.br\/sobre\/ifpb-joao-pessoa\/","name":"IFPB Jo\u00e3o Pessoa: Cursos, Endere\u00e7o, Telefone","isPartOf":{"@id":"https:\/\/www.encontrajoaopessoa.com.br\/sobre\/#website"},"primaryImageOfPage":{"@id":"https:\/\/www.encontrajoaopessoa.com.br\/sobre\/ifpb-joao-pessoa\/#primaryimage"},"image":{"@id":"https:\/\/www.encontrajoaopessoa.com.br\/sobre\/ifpb-joao-pessoa\/#primaryimage"},"thumbnailUrl":"https:\/\/www.encontrajoaopessoa.com.br\/sobre\/wp-content\/uploads\/2019\/06\/IFPB-joao-pessoa.gif","datePublished":"2019-06-11T09:58:53+00:00","description":"Veja sobre o ( IFPB em Jo\u00e3o Pessoa ) - Informa\u00e7\u00f5es, cursos, hor\u00e1rio de funcionamento, endere\u00e7o e telefone. CLIQUE AQUI!","breadcrumb":{"@id":"https:\/\/www.encontrajoaopessoa.com.br\/sobre\/ifpb-joao-pessoa\/#breadcrumb"},"inLanguage":"pt-BR","potentialAction":[{"@type":"ReadAction","target":["https:\/\/www.encontrajoaopessoa.com.br\/sobre\/ifpb-joao-pessoa\/"]}]},{"@type":"ImageObject","inLanguage":"pt-BR","@id":"https:\/\/www.encontrajoaopessoa.com.br\/sobre\/ifpb-joao-pessoa\/#primaryimage","url":"https:\/\/www.encontrajoaopessoa.com.br\/sobre\/wp-content\/uploads\/2019\/06\/IFPB-joao-pessoa.gif","contentUrl":"https:\/\/www.encontrajoaopessoa.com.br\/sobre\/wp-content\/uploads\/2019\/06\/IFPB-joao-pessoa.gif","width":680,"height":189},{"@type":"BreadcrumbList","@id":"https:\/\/www.encontrajoaopessoa.com.br\/sobre\/ifpb-joao-pessoa\/#breadcrumb","itemListElement":[{"@type":"ListItem","position":1,"name":"In\u00edcio","item":"https:\/\/www.encontrajoaopessoa.com.br\/sobre\/"},{"@type":"ListItem","position":2,"name":"IFPB Jo\u00e3o Pessoa"}]},{"@type":"WebSite","@id":"https:\/\/www.encontrajoaopessoa.com.br\/sobre\/#website","url":"https:\/\/www.encontrajoaopessoa.com.br\/sobre\/","name":"Encontra Jo\u00e3o Pessoa","description":"Not\u00edcias, eventos, informa\u00e7\u00f5es e dicas na cidade Jo\u00e3o Pessoa e regi\u00e3o.","potentialAction":[{"@type":"SearchAction","target":{"@type":"EntryPoint","urlTemplate":"https:\/\/www.encontrajoaopessoa.com.br\/sobre\/?s={search_term_string}"},"query-input":{"@type":"PropertyValueSpecification","valueRequired":true,"valueName":"search_term_string"}}],"inLanguage":"pt-BR"}]}},"_links":{"self":[{"href":"https:\/\/www.encontrajoaopessoa.com.br\/sobre\/wp-json\/wp\/v2\/pages\/561","targetHints":{"allow":["GET"]}}],"collection":[{"href":"https:\/\/www.encontrajoaopessoa.com.br\/sobre\/wp-json\/wp\/v2\/pages"}],"about":[{"href":"https:\/\/www.encontrajoaopessoa.com.br\/sobre\/wp-json\/wp\/v2\/types\/page"}],"author":[{"embeddable":true,"href":"https:\/\/www.encontrajoaopessoa.com.br\/sobre\/wp-json\/wp\/v2\/users\/1"}],"replies":[{"embeddable":true,"href":"https:\/\/www.encontrajoaopessoa.com.br\/sobre\/wp-json\/wp\/v2\/comments?post=561"}],"version-history":[{"count":0,"href":"https:\/\/www.encontrajoaopessoa.com.br\/sobre\/wp-json\/wp\/v2\/pages\/561\/revisions"}],"wp:attachment":[{"href":"https:\/\/www.encontrajoaopessoa.com.br\/sobre\/wp-json\/wp\/v2\/media?parent=561"}],"curies":[{"name":"wp","href":"https:\/\/api.w.org\/{rel}","templated":true}]}}