{"id":552,"date":"2019-06-11T05:38:21","date_gmt":"2019-06-11T08:38:21","guid":{"rendered":"https:\/\/www.encontrajoaopessoa.com.br\/sobre\/?page_id=552"},"modified":"2019-06-21T04:59:39","modified_gmt":"2019-06-21T07:59:39","slug":"sine-joao-pessoa-2","status":"publish","type":"page","link":"https:\/\/www.encontrajoaopessoa.com.br\/sobre\/sine-joao-pessoa-2\/","title":{"rendered":"Sine Jo\u00e3o Pessoa"},"content":{"rendered":"<div class=\"866aa4a7c674253f40eaa20e0e3e928c\" data-index=\"1\" style=\"float: none; margin:0px;\">\n<!-- Anuncio display - global -->\r\n<ins class=\"adsbygoogle\"\r\n     style=\"display:block\"\r\n     data-ad-client=\"ca-pub-8585364105181520\"\r\n     data-ad-slot=\"8789329856\"\r\n     data-ad-format=\"auto\"\r\n     data-full-width-responsive=\"true\"><\/ins>\r\n<script>\r\n     (adsbygoogle = window.adsbygoogle || []).push({});\r\n<\/script>\n<\/div>\n<p>O\u00a0<strong>Sine Jo\u00e3o Pessoa<\/strong>\u00a0proporciona servi\u00e7os gratuitos \u00e0 popula\u00e7\u00e3o, visando melhorar as condi\u00e7\u00f5es de coloca\u00e7\u00e3o, perman\u00eancia ou recoloca\u00e7\u00e3o do trabalhador ao mercado de trabalho.<\/p>\n<p>O Sine\u00a0desempenha sua fun\u00e7\u00e3o nas seguintes \u00e1reas: Cadastro dos Trabalhadores; Orienta\u00e7\u00e3o aos Trabalhadores; Intermedia\u00e7\u00e3o de M\u00e3o-de-Obra; Pessoas com Defici\u00eancia; Qualifica\u00e7\u00e3o Profissional; Telecentro; Seguro-Desemprego Formal; Seguro-Desemprego do Pescador Artesanal e Emiss\u00e3o de CTPS.<\/p>\n<p><img loading=\"lazy\" decoding=\"async\" class=\"alignnone wp-image-553 size-full\" title=\"Sine Jo\u00e3o Pessoa\" src=\"https:\/\/www.encontrajoaopessoa.com.br\/sobre\/wp-content\/uploads\/2019\/06\/sine-aracaju-1.gif\" alt=\"Sine Jo\u00e3o Pessoa\" width=\"680\" height=\"189\" \/><\/p>\n<h2>Sine Jo\u00e3o Pessoa Vagas<\/h2>\n<p>Acesse o site cadastre seu curr\u00edculo, pesquise e encontre\u00a0<em>vagas<\/em>\u00a0de acordo com o seu perfil.\u00a0Ao se candidatar, seu curr\u00edculo \u00e9 enviado diretamente ao empregador.<\/p>\n<h3>Sine Jo\u00e3o Pessoa Primeiro Emprego<\/h3>\n<p>O Sine oferece vagas trabalho para pessoas sem experi\u00eancia profissional ou que procuram o primeiro emprego.\u00a0A n\u00e3o obrigatoriedade da experi\u00eancia profissional foi colocada pelos pr\u00f3prios empregadores, que t\u00eam parceria com a Setrab para dar oportunidade aos jovens que procuram o\u00a0primeiro emprego.<\/p>\n<h3>Sine Jo\u00e3o Pessoa Carteira de Trabalho<\/h3>\n<p>Documentos necess\u00e1rios para emiss\u00e3o da\u00a0<em>Carteira de Trabalho<\/em><\/p>\n<p>1\u00aa via<\/p>\n<ul>\n<li>CPF (ou espelho do CPF);<\/li>\n<li>Comprovante de resid\u00eancia;<\/li>\n<li>Carteira de Identidade; ou<\/li>\n<li>Certid\u00e3o de Nascimento; ou<\/li>\n<li>Certid\u00e3o de Casamento; ou<\/li>\n<li>Certificado de Reservista; ou<\/li>\n<li>Certificado de Dispensa de Incorpora\u00e7\u00e3o; ou<\/li>\n<li>Qualquer documento oficial de identifica\u00e7\u00e3o que contenha todos os dados necess\u00e1rios ao preenchimento da qualifica\u00e7\u00e3o civil na CTPS.<\/li>\n<li>N\u00e3o ser\u00e3o aceitos xerox de documentos.<\/li>\n<\/ul>\n<p>2\u00aa via<\/p>\n<ul>\n<li>CPF (ou espelho do CPF);<\/li>\n<li>Comprovante de resid\u00eancia;<\/li>\n<li>Documento de Identifica\u00e7\u00e3o (n\u00e3o ser\u00e3o aceitos xerox de documentos);<\/li>\n<li>CTPS anterior ou Ficha de Registro de Empregado ou Termo de Rescis\u00e3o Contratual ou Extrato do FGTS. (para comprova\u00e7\u00e3o do N\u00ba da CTPS anterior);<\/li>\n<li>No caso de perda, roubo ou extravio, apresentar Boletim de Ocorr\u00eancia Policial.<\/li>\n<\/ul>\n<h3>Sine Jo\u00e3o Pessoa Cadastro<\/h3>\n<p>Para concorrer \u00e0s vagas de emprego intermediadas pela Secretaria de Trabalho\/Sine \u00e9 necess\u00e1rio realizar o cadastro do trabalhador, que consiste na elabora\u00e7\u00e3o de um perfil de trabalhador baseado nas experi\u00eancias profissionais adquiridas, qualifica\u00e7\u00f5es j\u00e1 realizadas, al\u00e9m de informa\u00e7\u00f5es pessoais.<\/p>\n<p>O\u00a0\u00a0cadastro\u00a0pode ser feito atrav\u00e9s da internet, mas \u00e9 necess\u00e1rio validar as informa\u00e7\u00f5es que foram prestadas pelo Trabalhador no sistema.<\/p>\n<p>Essa valida\u00e7\u00e3o poder\u00e1 ser feita em qualquer ag\u00eancia do Sine a qualquer momento, inclusive quando o Trabalhador for receber a carta de encaminhamento para a vaga a que pretende concorrer.<\/p>\n<p>Para a valida\u00e7\u00e3o das informa\u00e7\u00f5es do seu\u00a0cadastro\u00a0feito na internet, dirija-se ao Sine, munido dos seguintes documentos:<\/p>\n<ul>\n<li>Carteira de Trabalho;<\/li>\n<li>Identidade;<\/li>\n<li>CPF;<\/li>\n<li>Certificado de Escolaridade;<\/li>\n<li>Certificados de cursos de Qualifica\u00e7\u00e3o Profissional e\/ou Especializa\u00e7\u00f5es.<\/li>\n<li>Todos os documentos dever\u00e3o ser originais e n\u00e3o c\u00f3pias.<\/li>\n<\/ul>\n<h3>Hor\u00e1rio de Funcionamento Sine em Jo\u00e3o Pessoa<\/h3>\n<ul>\n<li>Todas as unidades atendem de Segunda a Sexta das 8 \u00e0s 17h<\/li>\n<\/ul>\n<h3>Endere\u00e7o e Telefone Sine em Jo\u00e3o Pessoa<\/h3>\n<ul>\n<li>Centro 1: Rua Duque de Caxias, 305 &#8211; Telefone: (83) 3218-6600<\/li>\n<li>Centro 2: Rua Mal. Almeida Barreto, 520 &#8211; Telefone: (83) 3218-6600<\/li>\n<\/ul>\n<h4>Outras informa\u00e7\u00f5es e site<\/h4>\n<ul>\n<li>Mais informa\u00e7\u00f5es:\u00a0<a href=\"http:\/\/www.sine.com.br\/\" target=\"_blank\" rel=\"noopener noreferrer\">www.sine.com.br<\/a><\/li>\n<\/ul>\n<h4>Mapa de localiza\u00e7\u00e3o<\/h4>\n<a class=\"wp-colorbox-iframe\" href=\"https:\/\/www.google.com\/maps\/embed?pb=!1m14!1m8!1m3!1d15836.269708332831!2d-34.8837376!3d-7.118185!3m2!1i1024!2i768!4f13.1!3m3!1m2!1s0x00x9e67a5629d543863!2sSine+Paraba!5e0!3m2!1spt-BR!2sbr!4v1560242218026!5m2!1spt-BR!2sbr\"><img decoding=\"async\" src=\"http:\/\/www.encontrajoaopessoa.com.br\/imgs\/maps-post.png\"><\/a>\n\n<div style=\"font-size: 0px; height: 0px; line-height: 0px; margin: 0; padding: 0; clear: both;\"><\/div>","protected":false},"excerpt":{"rendered":"<p>O\u00a0Sine Jo\u00e3o Pessoa\u00a0proporciona servi\u00e7os gratuitos \u00e0 popula\u00e7\u00e3o, visando melhorar as condi\u00e7\u00f5es de coloca\u00e7\u00e3o, perman\u00eancia ou recoloca\u00e7\u00e3o do trabalhador ao mercado de trabalho. O Sine\u00a0desempenha sua fun\u00e7\u00e3o nas seguintes \u00e1reas: Cadastro dos Trabalhadores; Orienta\u00e7\u00e3o aos Trabalhadores; Intermedia\u00e7\u00e3o de M\u00e3o-de-Obra; Pessoas com Defici\u00eancia; Qualifica\u00e7\u00e3o Profissional; Telecentro; Seguro-Desemprego Formal; Seguro-Desemprego do Pescador Artesanal e Emiss\u00e3o de CTPS. Sine Jo\u00e3o Pessoa Vagas Acesse o site cadastre seu curr\u00edculo, pesquise e encontre\u00a0vagas\u00a0de acordo com o seu perfil.\u00a0Ao se candidatar, seu curr\u00edculo \u00e9 enviado diretamente ao empregador. Sine Jo\u00e3o Pessoa Primeiro Emprego O Sine oferece vagas trabalho para pessoas sem experi\u00eancia profissional ou que procuram o <\/p>\n","protected":false},"author":1,"featured_media":0,"parent":0,"menu_order":0,"comment_status":"closed","ping_status":"closed","template":"","meta":{"footnotes":""},"class_list":["post-552","page","type-page","status-publish","hentry"],"yoast_head":"<!-- This site is optimized with the Yoast SEO plugin v26.4 - https:\/\/yoast.com\/wordpress\/plugins\/seo\/ -->\n<title>Sine Jo\u00e3o Pessoa: Vagas de Emprego, Seguro Desemprego, Endere\u00e7o<\/title>\n<meta name=\"description\" content=\"Veja sobre o ( Sine em Jo\u00e3o Pessoa ) - Informa\u00e7\u00f5es, vagas de emprego, seguro desemprego, hor\u00e1rio de funcionamento, endere\u00e7o e telefone. CLIQUE AQUI!\" \/>\n<meta name=\"robots\" content=\"index, follow, max-snippet:-1, max-image-preview:large, max-video-preview:-1\" \/>\n<link rel=\"canonical\" href=\"https:\/\/www.encontrajoaopessoa.com.br\/sobre\/sine-joao-pessoa-2\/\" \/>\n<meta property=\"og:locale\" content=\"pt_BR\" \/>\n<meta property=\"og:type\" content=\"article\" \/>\n<meta property=\"og:title\" content=\"Sine Jo\u00e3o Pessoa: Vagas de Emprego, Seguro Desemprego, Endere\u00e7o\" \/>\n<meta property=\"og:description\" content=\"Veja sobre o ( Sine em Jo\u00e3o Pessoa ) - Informa\u00e7\u00f5es, vagas de emprego, seguro desemprego, hor\u00e1rio de funcionamento, endere\u00e7o e telefone. CLIQUE AQUI!\" \/>\n<meta property=\"og:url\" content=\"https:\/\/www.encontrajoaopessoa.com.br\/sobre\/sine-joao-pessoa-2\/\" \/>\n<meta property=\"og:site_name\" content=\"Encontra Jo\u00e3o Pessoa\" \/>\n<meta property=\"article:modified_time\" content=\"2019-06-21T07:59:39+00:00\" \/>\n<meta property=\"og:image\" content=\"https:\/\/www.encontrajoaopessoa.com.br\/sobre\/wp-content\/uploads\/2019\/06\/sine-aracaju-1.gif\" \/>\n<meta name=\"twitter:card\" content=\"summary_large_image\" \/>\n<meta name=\"twitter:label1\" content=\"Est. tempo de leitura\" \/>\n\t<meta name=\"twitter:data1\" content=\"3 minutos\" \/>\n<script type=\"application\/ld+json\" class=\"yoast-schema-graph\">{\"@context\":\"https:\/\/schema.org\",\"@graph\":[{\"@type\":\"WebPage\",\"@id\":\"https:\/\/www.encontrajoaopessoa.com.br\/sobre\/sine-joao-pessoa-2\/\",\"url\":\"https:\/\/www.encontrajoaopessoa.com.br\/sobre\/sine-joao-pessoa-2\/\",\"name\":\"Sine Jo\u00e3o Pessoa: Vagas de Emprego, Seguro Desemprego, Endere\u00e7o\",\"isPartOf\":{\"@id\":\"https:\/\/www.encontrajoaopessoa.com.br\/sobre\/#website\"},\"primaryImageOfPage\":{\"@id\":\"https:\/\/www.encontrajoaopessoa.com.br\/sobre\/sine-joao-pessoa-2\/#primaryimage\"},\"image\":{\"@id\":\"https:\/\/www.encontrajoaopessoa.com.br\/sobre\/sine-joao-pessoa-2\/#primaryimage\"},\"thumbnailUrl\":\"https:\/\/www.encontrajoaopessoa.com.br\/sobre\/wp-content\/uploads\/2019\/06\/sine-aracaju-1.gif\",\"datePublished\":\"2019-06-11T08:38:21+00:00\",\"dateModified\":\"2019-06-21T07:59:39+00:00\",\"description\":\"Veja sobre o ( Sine em Jo\u00e3o Pessoa ) - Informa\u00e7\u00f5es, vagas de emprego, seguro desemprego, hor\u00e1rio de funcionamento, endere\u00e7o e telefone. CLIQUE AQUI!\",\"breadcrumb\":{\"@id\":\"https:\/\/www.encontrajoaopessoa.com.br\/sobre\/sine-joao-pessoa-2\/#breadcrumb\"},\"inLanguage\":\"pt-BR\",\"potentialAction\":[{\"@type\":\"ReadAction\",\"target\":[\"https:\/\/www.encontrajoaopessoa.com.br\/sobre\/sine-joao-pessoa-2\/\"]}]},{\"@type\":\"ImageObject\",\"inLanguage\":\"pt-BR\",\"@id\":\"https:\/\/www.encontrajoaopessoa.com.br\/sobre\/sine-joao-pessoa-2\/#primaryimage\",\"url\":\"https:\/\/www.encontrajoaopessoa.com.br\/sobre\/wp-content\/uploads\/2019\/06\/sine-aracaju-1.gif\",\"contentUrl\":\"https:\/\/www.encontrajoaopessoa.com.br\/sobre\/wp-content\/uploads\/2019\/06\/sine-aracaju-1.gif\",\"width\":680,\"height\":189},{\"@type\":\"BreadcrumbList\",\"@id\":\"https:\/\/www.encontrajoaopessoa.com.br\/sobre\/sine-joao-pessoa-2\/#breadcrumb\",\"itemListElement\":[{\"@type\":\"ListItem\",\"position\":1,\"name\":\"In\u00edcio\",\"item\":\"https:\/\/www.encontrajoaopessoa.com.br\/sobre\/\"},{\"@type\":\"ListItem\",\"position\":2,\"name\":\"Sine Jo\u00e3o Pessoa\"}]},{\"@type\":\"WebSite\",\"@id\":\"https:\/\/www.encontrajoaopessoa.com.br\/sobre\/#website\",\"url\":\"https:\/\/www.encontrajoaopessoa.com.br\/sobre\/\",\"name\":\"Encontra Jo\u00e3o Pessoa\",\"description\":\"Not\u00edcias, eventos, informa\u00e7\u00f5es e dicas na cidade Jo\u00e3o Pessoa e regi\u00e3o.\",\"potentialAction\":[{\"@type\":\"SearchAction\",\"target\":{\"@type\":\"EntryPoint\",\"urlTemplate\":\"https:\/\/www.encontrajoaopessoa.com.br\/sobre\/?s={search_term_string}\"},\"query-input\":{\"@type\":\"PropertyValueSpecification\",\"valueRequired\":true,\"valueName\":\"search_term_string\"}}],\"inLanguage\":\"pt-BR\"}]}<\/script>\n<!-- \/ Yoast SEO plugin. -->","yoast_head_json":{"title":"Sine Jo\u00e3o Pessoa: Vagas de Emprego, Seguro Desemprego, Endere\u00e7o","description":"Veja sobre o ( Sine em Jo\u00e3o Pessoa ) - Informa\u00e7\u00f5es, vagas de emprego, seguro desemprego, hor\u00e1rio de funcionamento, endere\u00e7o e telefone. CLIQUE AQUI!","robots":{"index":"index","follow":"follow","max-snippet":"max-snippet:-1","max-image-preview":"max-image-preview:large","max-video-preview":"max-video-preview:-1"},"canonical":"https:\/\/www.encontrajoaopessoa.com.br\/sobre\/sine-joao-pessoa-2\/","og_locale":"pt_BR","og_type":"article","og_title":"Sine Jo\u00e3o Pessoa: Vagas de Emprego, Seguro Desemprego, Endere\u00e7o","og_description":"Veja sobre o ( Sine em Jo\u00e3o Pessoa ) - Informa\u00e7\u00f5es, vagas de emprego, seguro desemprego, hor\u00e1rio de funcionamento, endere\u00e7o e telefone. CLIQUE AQUI!","og_url":"https:\/\/www.encontrajoaopessoa.com.br\/sobre\/sine-joao-pessoa-2\/","og_site_name":"Encontra Jo\u00e3o Pessoa","article_modified_time":"2019-06-21T07:59:39+00:00","og_image":[{"url":"https:\/\/www.encontrajoaopessoa.com.br\/sobre\/wp-content\/uploads\/2019\/06\/sine-aracaju-1.gif","type":"","width":"","height":""}],"twitter_card":"summary_large_image","twitter_misc":{"Est. tempo de leitura":"3 minutos"},"schema":{"@context":"https:\/\/schema.org","@graph":[{"@type":"WebPage","@id":"https:\/\/www.encontrajoaopessoa.com.br\/sobre\/sine-joao-pessoa-2\/","url":"https:\/\/www.encontrajoaopessoa.com.br\/sobre\/sine-joao-pessoa-2\/","name":"Sine Jo\u00e3o Pessoa: Vagas de Emprego, Seguro Desemprego, Endere\u00e7o","isPartOf":{"@id":"https:\/\/www.encontrajoaopessoa.com.br\/sobre\/#website"},"primaryImageOfPage":{"@id":"https:\/\/www.encontrajoaopessoa.com.br\/sobre\/sine-joao-pessoa-2\/#primaryimage"},"image":{"@id":"https:\/\/www.encontrajoaopessoa.com.br\/sobre\/sine-joao-pessoa-2\/#primaryimage"},"thumbnailUrl":"https:\/\/www.encontrajoaopessoa.com.br\/sobre\/wp-content\/uploads\/2019\/06\/sine-aracaju-1.gif","datePublished":"2019-06-11T08:38:21+00:00","dateModified":"2019-06-21T07:59:39+00:00","description":"Veja sobre o ( Sine em Jo\u00e3o Pessoa ) - Informa\u00e7\u00f5es, vagas de emprego, seguro desemprego, hor\u00e1rio de funcionamento, endere\u00e7o e telefone. CLIQUE AQUI!","breadcrumb":{"@id":"https:\/\/www.encontrajoaopessoa.com.br\/sobre\/sine-joao-pessoa-2\/#breadcrumb"},"inLanguage":"pt-BR","potentialAction":[{"@type":"ReadAction","target":["https:\/\/www.encontrajoaopessoa.com.br\/sobre\/sine-joao-pessoa-2\/"]}]},{"@type":"ImageObject","inLanguage":"pt-BR","@id":"https:\/\/www.encontrajoaopessoa.com.br\/sobre\/sine-joao-pessoa-2\/#primaryimage","url":"https:\/\/www.encontrajoaopessoa.com.br\/sobre\/wp-content\/uploads\/2019\/06\/sine-aracaju-1.gif","contentUrl":"https:\/\/www.encontrajoaopessoa.com.br\/sobre\/wp-content\/uploads\/2019\/06\/sine-aracaju-1.gif","width":680,"height":189},{"@type":"BreadcrumbList","@id":"https:\/\/www.encontrajoaopessoa.com.br\/sobre\/sine-joao-pessoa-2\/#breadcrumb","itemListElement":[{"@type":"ListItem","position":1,"name":"In\u00edcio","item":"https:\/\/www.encontrajoaopessoa.com.br\/sobre\/"},{"@type":"ListItem","position":2,"name":"Sine Jo\u00e3o Pessoa"}]},{"@type":"WebSite","@id":"https:\/\/www.encontrajoaopessoa.com.br\/sobre\/#website","url":"https:\/\/www.encontrajoaopessoa.com.br\/sobre\/","name":"Encontra Jo\u00e3o Pessoa","description":"Not\u00edcias, eventos, informa\u00e7\u00f5es e dicas na cidade Jo\u00e3o Pessoa e regi\u00e3o.","potentialAction":[{"@type":"SearchAction","target":{"@type":"EntryPoint","urlTemplate":"https:\/\/www.encontrajoaopessoa.com.br\/sobre\/?s={search_term_string}"},"query-input":{"@type":"PropertyValueSpecification","valueRequired":true,"valueName":"search_term_string"}}],"inLanguage":"pt-BR"}]}},"_links":{"self":[{"href":"https:\/\/www.encontrajoaopessoa.com.br\/sobre\/wp-json\/wp\/v2\/pages\/552","targetHints":{"allow":["GET"]}}],"collection":[{"href":"https:\/\/www.encontrajoaopessoa.com.br\/sobre\/wp-json\/wp\/v2\/pages"}],"about":[{"href":"https:\/\/www.encontrajoaopessoa.com.br\/sobre\/wp-json\/wp\/v2\/types\/page"}],"author":[{"embeddable":true,"href":"https:\/\/www.encontrajoaopessoa.com.br\/sobre\/wp-json\/wp\/v2\/users\/1"}],"replies":[{"embeddable":true,"href":"https:\/\/www.encontrajoaopessoa.com.br\/sobre\/wp-json\/wp\/v2\/comments?post=552"}],"version-history":[{"count":0,"href":"https:\/\/www.encontrajoaopessoa.com.br\/sobre\/wp-json\/wp\/v2\/pages\/552\/revisions"}],"wp:attachment":[{"href":"https:\/\/www.encontrajoaopessoa.com.br\/sobre\/wp-json\/wp\/v2\/media?parent=552"}],"curies":[{"name":"wp","href":"https:\/\/api.w.org\/{rel}","templated":true}]}}