{"id":540,"date":"2019-06-11T04:37:20","date_gmt":"2019-06-11T07:37:20","guid":{"rendered":"https:\/\/www.encontrajoaopessoa.com.br\/sobre\/?page_id=540"},"modified":"2019-07-08T04:08:50","modified_gmt":"2019-07-08T07:08:50","slug":"senac-joao-pessoa","status":"publish","type":"page","link":"https:\/\/www.encontrajoaopessoa.com.br\/sobre\/senac-joao-pessoa\/","title":{"rendered":"Senac Jo\u00e3o Pessoa"},"content":{"rendered":"<div class=\"866aa4a7c674253f40eaa20e0e3e928c\" data-index=\"1\" style=\"float: none; margin:0px;\">\n<!-- Anuncio display - global -->\r\n<ins class=\"adsbygoogle\"\r\n     style=\"display:block\"\r\n     data-ad-client=\"ca-pub-8585364105181520\"\r\n     data-ad-slot=\"8789329856\"\r\n     data-ad-format=\"auto\"\r\n     data-full-width-responsive=\"true\"><\/ins>\r\n<script>\r\n     (adsbygoogle = window.adsbygoogle || []).push({});\r\n<\/script>\n<\/div>\n<p class=\"lead\">O\u00a0<strong>SENAC Jo\u00e3o Pessoa<\/strong>\u00a0\u00e9 uma institui\u00e7\u00e3o brasileira de educa\u00e7\u00e3o profissional, aberta a toda a sociedade, criada em 10 de janeiro de 1946 atrav\u00e9s do decreto-lei 8.621.\u00a0\u00c9 o principal agente da educa\u00e7\u00e3o profissional voltado ao setor de com\u00e9rcio de bens, servi\u00e7os e turismo.<\/p>\n<p class=\"lead\">Uma entidade privada com fins p\u00fablicos, mantida pelos empregadores do com\u00e9rcio.\u00a0Submete-se ao Minist\u00e9rio do Trabalho e Emprego enquanto servi\u00e7o nacional de qualifica\u00e7\u00e3o de m\u00e3o-de-obra e ao Minist\u00e9rio da Educa\u00e7\u00e3o no \u00e2mbito do Sistema Federal de Ensino, conforme Lei Federal n\u00ba 12.513\/2011.<\/p>\n<p><img loading=\"lazy\" decoding=\"async\" class=\"alignnone wp-image-541 size-full\" title=\"Senac Jo\u00e3o Pessoa\" src=\"https:\/\/www.encontrajoaopessoa.com.br\/sobre\/wp-content\/uploads\/2019\/06\/senac-belem.gif\" alt=\"Senac Jo\u00e3o Pessoa\" width=\"680\" height=\"189\" \/><\/p>\n<p>Est\u00e1 presente nos 26 estados brasileiros e no Distrito Federal, com educa\u00e7\u00e3o profissional em 12 \u00e1reas de forma\u00e7\u00e3o, incluindo cursos de idiomas.\u00a0 A Institui\u00e7\u00e3o tem como foco desenvolver pessoas e organiza\u00e7\u00f5es para o mundo do trabalho atrav\u00e9s de a\u00e7\u00f5es educacionais, disseminando conhecimentos em Com\u00e9rcio de Bens, Servi\u00e7os e Turismo.<\/p>\n<h2>Senac Jo\u00e3o Pessoa Cursos<\/h2>\n<p>O Senac Jo\u00e3o Pessoa \u00e9 uma das unidades atuantes do Senac Para\u00edba. Trata-se de uma das mais antigas no estado e por isso, uma das mais atuantes, pois atende n\u00e3o somente a cidade de Jo\u00e3o Pessoa, mas toda a demandas das cidades vizinhas em sua regi\u00e3o. Sua hist\u00f3ria teve in\u00edcio na ministra\u00e7\u00e3o de cursos de aprendizagem.\u00a0Contudo, com o passar dos anos a regi\u00e3o necessitava de m\u00e3o de obra qualificada para atender as demandas do mercado, foi a partir da\u00ed que o unidade se tornou tamb\u00e9m uma institui\u00e7\u00e3o voltada para o aperfei\u00e7oamento e forma\u00e7\u00e3o de profissionais para a \u00e1rea do Com\u00e9rcio, servi\u00e7os e turismo.<\/p>\n<p>Al\u00e9m de atender toda a popula\u00e7\u00e3o atrav\u00e9s dos cursos Senac Jo\u00e3o Pessoa 2019, a institui\u00e7\u00e3o tamb\u00e9m disp\u00f5e de um plano estrat\u00e9gico diferenciado que atende as necessidades de cada empresa, instaladas em diferentes \u00e1reas de atua\u00e7\u00e3o.\u00a0Para isso, inicialmente \u00e9 elaborado um diagn\u00f3stico sobre a situa\u00e7\u00e3o atual da empresa, os resultados que a mesma visa alcan\u00e7ar, e da\u00ed apresenta-se quais as estrat\u00e9gicas que podem ser realizadas.<\/p>\n<p>Os cursos Senac Jo\u00e3o Pessoa est\u00e3o expostos nas seguintes modalidades de ensino a seguir:<\/p>\n<ul>\n<li>Livres;<\/li>\n<li>T\u00e9cnicos;<\/li>\n<li>Idiomas;<\/li>\n<li>Aprendizagem;<\/li>\n<li>Gradua\u00e7\u00e3o;<\/li>\n<li>P\u00f3s-gradua\u00e7\u00e3o;<\/li>\n<li>Extens\u00e3o Universit\u00e1ria;<\/li>\n<li>Educa\u00e7\u00e3o a Dist\u00e2ncia;<\/li>\n<li>Cursos in Company.<\/li>\n<\/ul>\n<p>Os cursos Senac Jo\u00e3o Pessoa est\u00e3o divididos ainda nas seguintes \u00e1reas de atua\u00e7\u00e3o:<\/p>\n<ul>\n<li>Arquitetura e Urbanismo;<\/li>\n<li>Beleza e Est\u00e9tica;<\/li>\n<li>Certifica\u00e7\u00f5es em Tecnologia;<\/li>\n<li>Comunica\u00e7\u00e3o e Artes;<\/li>\n<li>Desenvolvimento Social;<\/li>\n<li>Design;<\/li>\n<li>Educa\u00e7\u00e3o;<\/li>\n<li>Eventos e Lazer;<\/li>\n<li>Gastronomia;<\/li>\n<li>Gest\u00e3o Executiva;<\/li>\n<li>Gest\u00e3o e Neg\u00f3cios;<\/li>\n<li>Hotelaria e Turismo;<\/li>\n<li>Idiomas e Linguagem;<\/li>\n<li>Meio Ambiente;<\/li>\n<li>Seguran\u00e7a e Sa\u00fade no Trabalho;<\/li>\n<li>Moda;<\/li>\n<li>Sa\u00fade e Bem-estar;<\/li>\n<li>Tecnologia da Informa\u00e7\u00e3o.<\/li>\n<\/ul>\n<p>O Senac Jo\u00e3o Pessoa apresentou alguns cursos novos. Confira a seguir:<\/p>\n<ul>\n<li>T\u00e9cnico em Confeitaria;<\/li>\n<li>Card\u00e1pio de Inverno;<\/li>\n<li>Card\u00e1pio Italiano;<\/li>\n<li>Cozinha Italiana;<\/li>\n<li>Cozinha Regional Brasileira;<\/li>\n<li>Cozinhas Internacionais;<\/li>\n<li>Atitude Empreendedora;<\/li>\n<li>Introdu\u00e7\u00e3o ao Coaching;<\/li>\n<li>Marketing: Criatividade e Inova\u00e7\u00e3o;<\/li>\n<li>Processo Cont\u00e1beis;<\/li>\n<li>Fundamentos da Medicina Tradicional Chinesa;<\/li>\n<li>Workshop: Qi Gong \u2013 treinando e equilibrando sua energia;<\/li>\n<li>Forma\u00e7\u00e3o CISCO CCENT;<\/li>\n<li>Furukawa Certified Professional Fibras \u00d3pticas.<\/li>\n<\/ul>\n<h3>Senac Jo\u00e3o Pessoa Jovem Aprendiz<\/h3>\n<p>O Senac contrata jovens do Programa\u00a0<em>Jovem Aprendiz<\/em>, inscreva-se e trabalhe no Senac.<\/p>\n<h3>Senac Jo\u00e3o Pessoa Trabalhe Conosco<\/h3>\n<p>Voc\u00ea pode se candidatar a uma<em>\u00a0vaga de trabalho<\/em> no Senac Jo\u00e3o Pessoa acessando o Banco de Talentos da institui\u00e7\u00e3o.<\/p>\n<p>No pr\u00f3prio site \u00e9 poss\u00edvel consultar as vagas dispon\u00edveis, o per\u00edodo de inscri\u00e7\u00e3o e requisitos para preencher a vaga. Voc\u00ea poder\u00e1 se candidatar a vaga preenchendo o formul\u00e1rio pelo pr\u00f3prio site.<\/p>\n<h3>Hor\u00e1rio de Funcionamento Senac Jo\u00e3o Pessoa<\/h3>\n<ul>\n<li>Segunda a Sexta: das 07h30 \u00e0s 17h\/ S\u00e1bado: das 08:00 \u00e0s 12h<\/li>\n<li>Os hor\u00e1rios podem mudar de acordo com a unidade. Consulte o local para saber sobre hor\u00e1rios.<\/li>\n<\/ul>\n<h3>Endere\u00e7o e Telefone Senac Jo\u00e3o Pessoa<\/h3>\n<ul>\n<li><strong>Centro:<\/strong> Rua Des. Souto Maior, 291 &#8211; Telefone: (83) 3214-2330<\/li>\n<li><strong>Cabo Branco:<\/strong> Av. Cabo Branco, 2788 &#8211; Telefone: (83) 3031-3547<\/li>\n<\/ul>\n<h4>Outras informa\u00e7\u00f5es e site<\/h4>\n<ul>\n<li>Mais informa\u00e7\u00f5es:\u00a0<a href=\"https:\/\/www.facebook.com\/senac\/\" target=\"_blank\" rel=\"noopener noreferrer\">www.facebook.com\/senac<\/a><\/li>\n<\/ul>\n<h4>Mapa de localiza\u00e7\u00e3o Centro<\/h4>\n<a class=\"wp-colorbox-iframe\" href=\"https:\/\/www.google.com\/maps\/embed?pb=!1m18!1m12!1m3!1d3959.0698293883042!2d-34.88110158522601!3d-7.117906594859963!2m3!1f0!2f0!3f0!3m2!1i1024!2i768!4f13.1!3m3!1m2!1s0x7ace7e15604c21f0xe4188b5a601c043e!2sR.+Des.+Souto+Maior+291+-+Centro+Joo+Pessoa+-+PB+58013-190!5e0!3m2!1spt-BR!2sbr!4v1560238453122!5m2!1spt-BR!2sbr\"><img decoding=\"async\" src=\"http:\/\/www.encontrajoaopessoa.com.br\/imgs\/maps-post.png\"><\/a>\n\n<div style=\"font-size: 0px; height: 0px; line-height: 0px; margin: 0; padding: 0; clear: both;\"><\/div>","protected":false},"excerpt":{"rendered":"<p>O\u00a0SENAC Jo\u00e3o Pessoa\u00a0\u00e9 uma institui\u00e7\u00e3o brasileira de educa\u00e7\u00e3o profissional, aberta a toda a sociedade, criada em 10 de janeiro de 1946 atrav\u00e9s do decreto-lei 8.621.\u00a0\u00c9 o principal agente da educa\u00e7\u00e3o profissional voltado ao setor de com\u00e9rcio de bens, servi\u00e7os e turismo. Uma entidade privada com fins p\u00fablicos, mantida pelos empregadores do com\u00e9rcio.\u00a0Submete-se ao Minist\u00e9rio do Trabalho e Emprego enquanto servi\u00e7o nacional de qualifica\u00e7\u00e3o de m\u00e3o-de-obra e ao Minist\u00e9rio da Educa\u00e7\u00e3o no \u00e2mbito do Sistema Federal de Ensino, conforme Lei Federal n\u00ba 12.513\/2011. Est\u00e1 presente nos 26 estados brasileiros e no Distrito Federal, com educa\u00e7\u00e3o profissional em 12 \u00e1reas de forma\u00e7\u00e3o, <\/p>\n","protected":false},"author":1,"featured_media":0,"parent":0,"menu_order":0,"comment_status":"closed","ping_status":"closed","template":"","meta":{"footnotes":""},"class_list":["post-540","page","type-page","status-publish","hentry"],"yoast_head":"<!-- This site is optimized with the Yoast SEO plugin v26.4 - https:\/\/yoast.com\/wordpress\/plugins\/seo\/ -->\n<title>Senac Jo\u00e3o Pessoa: Cursos, Jovem Aprendiz, Vagas, Endere\u00e7o, Telefone<\/title>\n<meta name=\"description\" content=\"Veja sobre o ( Senac em Jo\u00e3o Pessoa ) - Informa\u00e7\u00f5es, cursos, jovem aprendiz, vagas, hor\u00e1rio de funcionamento, endere\u00e7o e telefone. CLIQUE AQUI!\" \/>\n<meta name=\"robots\" content=\"index, follow, max-snippet:-1, max-image-preview:large, max-video-preview:-1\" \/>\n<link rel=\"canonical\" href=\"https:\/\/www.encontrajoaopessoa.com.br\/sobre\/senac-joao-pessoa\/\" \/>\n<meta property=\"og:locale\" content=\"pt_BR\" \/>\n<meta property=\"og:type\" content=\"article\" \/>\n<meta property=\"og:title\" content=\"Senac Jo\u00e3o Pessoa: Cursos, Jovem Aprendiz, Vagas, Endere\u00e7o, Telefone\" \/>\n<meta property=\"og:description\" content=\"Veja sobre o ( Senac em Jo\u00e3o Pessoa ) - Informa\u00e7\u00f5es, cursos, jovem aprendiz, vagas, hor\u00e1rio de funcionamento, endere\u00e7o e telefone. CLIQUE AQUI!\" \/>\n<meta property=\"og:url\" content=\"https:\/\/www.encontrajoaopessoa.com.br\/sobre\/senac-joao-pessoa\/\" \/>\n<meta property=\"og:site_name\" content=\"Encontra Jo\u00e3o Pessoa\" \/>\n<meta property=\"article:modified_time\" content=\"2019-07-08T07:08:50+00:00\" \/>\n<meta property=\"og:image\" content=\"https:\/\/www.encontrajoaopessoa.com.br\/sobre\/wp-content\/uploads\/2019\/06\/senac-belem.gif\" \/>\n<meta name=\"twitter:card\" content=\"summary_large_image\" \/>\n<meta name=\"twitter:label1\" content=\"Est. tempo de leitura\" \/>\n\t<meta name=\"twitter:data1\" content=\"4 minutos\" \/>\n<script type=\"application\/ld+json\" class=\"yoast-schema-graph\">{\"@context\":\"https:\/\/schema.org\",\"@graph\":[{\"@type\":\"WebPage\",\"@id\":\"https:\/\/www.encontrajoaopessoa.com.br\/sobre\/senac-joao-pessoa\/\",\"url\":\"https:\/\/www.encontrajoaopessoa.com.br\/sobre\/senac-joao-pessoa\/\",\"name\":\"Senac Jo\u00e3o Pessoa: Cursos, Jovem Aprendiz, Vagas, Endere\u00e7o, Telefone\",\"isPartOf\":{\"@id\":\"https:\/\/www.encontrajoaopessoa.com.br\/sobre\/#website\"},\"primaryImageOfPage\":{\"@id\":\"https:\/\/www.encontrajoaopessoa.com.br\/sobre\/senac-joao-pessoa\/#primaryimage\"},\"image\":{\"@id\":\"https:\/\/www.encontrajoaopessoa.com.br\/sobre\/senac-joao-pessoa\/#primaryimage\"},\"thumbnailUrl\":\"https:\/\/www.encontrajoaopessoa.com.br\/sobre\/wp-content\/uploads\/2019\/06\/senac-belem.gif\",\"datePublished\":\"2019-06-11T07:37:20+00:00\",\"dateModified\":\"2019-07-08T07:08:50+00:00\",\"description\":\"Veja sobre o ( Senac em Jo\u00e3o Pessoa ) - Informa\u00e7\u00f5es, cursos, jovem aprendiz, vagas, hor\u00e1rio de funcionamento, endere\u00e7o e telefone. CLIQUE AQUI!\",\"breadcrumb\":{\"@id\":\"https:\/\/www.encontrajoaopessoa.com.br\/sobre\/senac-joao-pessoa\/#breadcrumb\"},\"inLanguage\":\"pt-BR\",\"potentialAction\":[{\"@type\":\"ReadAction\",\"target\":[\"https:\/\/www.encontrajoaopessoa.com.br\/sobre\/senac-joao-pessoa\/\"]}]},{\"@type\":\"ImageObject\",\"inLanguage\":\"pt-BR\",\"@id\":\"https:\/\/www.encontrajoaopessoa.com.br\/sobre\/senac-joao-pessoa\/#primaryimage\",\"url\":\"https:\/\/www.encontrajoaopessoa.com.br\/sobre\/wp-content\/uploads\/2019\/06\/senac-belem.gif\",\"contentUrl\":\"https:\/\/www.encontrajoaopessoa.com.br\/sobre\/wp-content\/uploads\/2019\/06\/senac-belem.gif\",\"width\":680,\"height\":189},{\"@type\":\"BreadcrumbList\",\"@id\":\"https:\/\/www.encontrajoaopessoa.com.br\/sobre\/senac-joao-pessoa\/#breadcrumb\",\"itemListElement\":[{\"@type\":\"ListItem\",\"position\":1,\"name\":\"In\u00edcio\",\"item\":\"https:\/\/www.encontrajoaopessoa.com.br\/sobre\/\"},{\"@type\":\"ListItem\",\"position\":2,\"name\":\"Senac Jo\u00e3o Pessoa\"}]},{\"@type\":\"WebSite\",\"@id\":\"https:\/\/www.encontrajoaopessoa.com.br\/sobre\/#website\",\"url\":\"https:\/\/www.encontrajoaopessoa.com.br\/sobre\/\",\"name\":\"Encontra Jo\u00e3o Pessoa\",\"description\":\"Not\u00edcias, eventos, informa\u00e7\u00f5es e dicas na cidade Jo\u00e3o Pessoa e regi\u00e3o.\",\"potentialAction\":[{\"@type\":\"SearchAction\",\"target\":{\"@type\":\"EntryPoint\",\"urlTemplate\":\"https:\/\/www.encontrajoaopessoa.com.br\/sobre\/?s={search_term_string}\"},\"query-input\":{\"@type\":\"PropertyValueSpecification\",\"valueRequired\":true,\"valueName\":\"search_term_string\"}}],\"inLanguage\":\"pt-BR\"}]}<\/script>\n<!-- \/ Yoast SEO plugin. -->","yoast_head_json":{"title":"Senac Jo\u00e3o Pessoa: Cursos, Jovem Aprendiz, Vagas, Endere\u00e7o, Telefone","description":"Veja sobre o ( Senac em Jo\u00e3o Pessoa ) - Informa\u00e7\u00f5es, cursos, jovem aprendiz, vagas, hor\u00e1rio de funcionamento, endere\u00e7o e telefone. CLIQUE AQUI!","robots":{"index":"index","follow":"follow","max-snippet":"max-snippet:-1","max-image-preview":"max-image-preview:large","max-video-preview":"max-video-preview:-1"},"canonical":"https:\/\/www.encontrajoaopessoa.com.br\/sobre\/senac-joao-pessoa\/","og_locale":"pt_BR","og_type":"article","og_title":"Senac Jo\u00e3o Pessoa: Cursos, Jovem Aprendiz, Vagas, Endere\u00e7o, Telefone","og_description":"Veja sobre o ( Senac em Jo\u00e3o Pessoa ) - Informa\u00e7\u00f5es, cursos, jovem aprendiz, vagas, hor\u00e1rio de funcionamento, endere\u00e7o e telefone. CLIQUE AQUI!","og_url":"https:\/\/www.encontrajoaopessoa.com.br\/sobre\/senac-joao-pessoa\/","og_site_name":"Encontra Jo\u00e3o Pessoa","article_modified_time":"2019-07-08T07:08:50+00:00","og_image":[{"url":"https:\/\/www.encontrajoaopessoa.com.br\/sobre\/wp-content\/uploads\/2019\/06\/senac-belem.gif","type":"","width":"","height":""}],"twitter_card":"summary_large_image","twitter_misc":{"Est. tempo de leitura":"4 minutos"},"schema":{"@context":"https:\/\/schema.org","@graph":[{"@type":"WebPage","@id":"https:\/\/www.encontrajoaopessoa.com.br\/sobre\/senac-joao-pessoa\/","url":"https:\/\/www.encontrajoaopessoa.com.br\/sobre\/senac-joao-pessoa\/","name":"Senac Jo\u00e3o Pessoa: Cursos, Jovem Aprendiz, Vagas, Endere\u00e7o, Telefone","isPartOf":{"@id":"https:\/\/www.encontrajoaopessoa.com.br\/sobre\/#website"},"primaryImageOfPage":{"@id":"https:\/\/www.encontrajoaopessoa.com.br\/sobre\/senac-joao-pessoa\/#primaryimage"},"image":{"@id":"https:\/\/www.encontrajoaopessoa.com.br\/sobre\/senac-joao-pessoa\/#primaryimage"},"thumbnailUrl":"https:\/\/www.encontrajoaopessoa.com.br\/sobre\/wp-content\/uploads\/2019\/06\/senac-belem.gif","datePublished":"2019-06-11T07:37:20+00:00","dateModified":"2019-07-08T07:08:50+00:00","description":"Veja sobre o ( Senac em Jo\u00e3o Pessoa ) - Informa\u00e7\u00f5es, cursos, jovem aprendiz, vagas, hor\u00e1rio de funcionamento, endere\u00e7o e telefone. CLIQUE AQUI!","breadcrumb":{"@id":"https:\/\/www.encontrajoaopessoa.com.br\/sobre\/senac-joao-pessoa\/#breadcrumb"},"inLanguage":"pt-BR","potentialAction":[{"@type":"ReadAction","target":["https:\/\/www.encontrajoaopessoa.com.br\/sobre\/senac-joao-pessoa\/"]}]},{"@type":"ImageObject","inLanguage":"pt-BR","@id":"https:\/\/www.encontrajoaopessoa.com.br\/sobre\/senac-joao-pessoa\/#primaryimage","url":"https:\/\/www.encontrajoaopessoa.com.br\/sobre\/wp-content\/uploads\/2019\/06\/senac-belem.gif","contentUrl":"https:\/\/www.encontrajoaopessoa.com.br\/sobre\/wp-content\/uploads\/2019\/06\/senac-belem.gif","width":680,"height":189},{"@type":"BreadcrumbList","@id":"https:\/\/www.encontrajoaopessoa.com.br\/sobre\/senac-joao-pessoa\/#breadcrumb","itemListElement":[{"@type":"ListItem","position":1,"name":"In\u00edcio","item":"https:\/\/www.encontrajoaopessoa.com.br\/sobre\/"},{"@type":"ListItem","position":2,"name":"Senac Jo\u00e3o Pessoa"}]},{"@type":"WebSite","@id":"https:\/\/www.encontrajoaopessoa.com.br\/sobre\/#website","url":"https:\/\/www.encontrajoaopessoa.com.br\/sobre\/","name":"Encontra Jo\u00e3o Pessoa","description":"Not\u00edcias, eventos, informa\u00e7\u00f5es e dicas na cidade Jo\u00e3o Pessoa e regi\u00e3o.","potentialAction":[{"@type":"SearchAction","target":{"@type":"EntryPoint","urlTemplate":"https:\/\/www.encontrajoaopessoa.com.br\/sobre\/?s={search_term_string}"},"query-input":{"@type":"PropertyValueSpecification","valueRequired":true,"valueName":"search_term_string"}}],"inLanguage":"pt-BR"}]}},"_links":{"self":[{"href":"https:\/\/www.encontrajoaopessoa.com.br\/sobre\/wp-json\/wp\/v2\/pages\/540","targetHints":{"allow":["GET"]}}],"collection":[{"href":"https:\/\/www.encontrajoaopessoa.com.br\/sobre\/wp-json\/wp\/v2\/pages"}],"about":[{"href":"https:\/\/www.encontrajoaopessoa.com.br\/sobre\/wp-json\/wp\/v2\/types\/page"}],"author":[{"embeddable":true,"href":"https:\/\/www.encontrajoaopessoa.com.br\/sobre\/wp-json\/wp\/v2\/users\/1"}],"replies":[{"embeddable":true,"href":"https:\/\/www.encontrajoaopessoa.com.br\/sobre\/wp-json\/wp\/v2\/comments?post=540"}],"version-history":[{"count":0,"href":"https:\/\/www.encontrajoaopessoa.com.br\/sobre\/wp-json\/wp\/v2\/pages\/540\/revisions"}],"wp:attachment":[{"href":"https:\/\/www.encontrajoaopessoa.com.br\/sobre\/wp-json\/wp\/v2\/media?parent=540"}],"curies":[{"name":"wp","href":"https:\/\/api.w.org\/{rel}","templated":true}]}}