{"id":534,"date":"2019-06-04T08:12:05","date_gmt":"2019-06-04T11:12:05","guid":{"rendered":"https:\/\/www.encontrajoaopessoa.com.br\/sobre\/?page_id=534"},"modified":"2019-06-04T08:12:05","modified_gmt":"2019-06-04T11:12:05","slug":"sesc-joao-pessoa","status":"publish","type":"page","link":"https:\/\/www.encontrajoaopessoa.com.br\/sobre\/sesc-joao-pessoa\/","title":{"rendered":"Sesc Jo\u00e3o Pessoa"},"content":{"rendered":"<div class=\"866aa4a7c674253f40eaa20e0e3e928c\" data-index=\"1\" style=\"float: none; margin:0px;\">\n<!-- Anuncio display - global -->\r\n<ins class=\"adsbygoogle\"\r\n     style=\"display:block\"\r\n     data-ad-client=\"ca-pub-8585364105181520\"\r\n     data-ad-slot=\"8789329856\"\r\n     data-ad-format=\"auto\"\r\n     data-full-width-responsive=\"true\"><\/ins>\r\n<script>\r\n     (adsbygoogle = window.adsbygoogle || []).push({});\r\n<\/script>\n<\/div>\n<p>Um dos maiores programas de desenvolvimento social do mundo,\u00a0 \u00e9 o <strong>Sesc Jo\u00e3o Pessoa<\/strong> &#8211; Servi\u00e7o Social do Com\u00e9rcio. A institui\u00e7\u00e3o foi fundada no dia 13 de setembro de 1946 com o objetivo de atender as necessidades urgentes dos trabalhadores do com\u00e9rcio.<\/p>\n<p>Dessa forma, procura assegurar as potencialidades do indiv\u00edduo, contribuir para a forma\u00e7\u00e3o e crescimento da cidadania e promover o bem-estar da sociedade. No total, s\u00e3o aproximadamente 50 milh\u00f5es de brasileiros beneficiados, a cada ano, pelas a\u00e7\u00f5es da entidade.<\/p>\n<p><img loading=\"lazy\" decoding=\"async\" class=\"alignnone wp-image-535 size-full\" title=\"Sesc Jo\u00e3o Pessoa\" src=\"https:\/\/www.encontrajoaopessoa.com.br\/sobre\/wp-content\/uploads\/2019\/06\/sesc-joao-pessoa.gif\" alt=\"Sesc Jo\u00e3o Pessoa\" width=\"680\" height=\"189\" \/><\/p>\n<p>Criado a partir da iniciativa de empres\u00e1rios do setor de Com\u00e9rcio, Bens, Servi\u00e7os e organiza\u00e7\u00f5es sindicais, o Sesc segue os princ\u00edpios tra\u00e7ados pela Carta da Paz Social, documento que marca a funda\u00e7\u00e3o da institui\u00e7\u00e3o. Nela, est\u00e1 escrito: \u201cA manuten\u00e7\u00e3o da democracia pol\u00edtica e econ\u00f4mica e o aperfei\u00e7oamento de suas institui\u00e7\u00f5es s\u00e3o considerados aos objetivos da felicidade humana. A ordem econ\u00f4mica dever\u00e1 fundar-se no princ\u00edpio da liberdade e no primado da iniciativa privada, com as limita\u00e7\u00f5es impostas pelo interesse nacional&#8221;. A filosofia da entidade \u00e9 clara: o desenvolvimento econ\u00f4mico com justi\u00e7a social. A diretriz b\u00e1sica \u00e9 a de um trabalho eminentemente educativo, informativo e transformador, que permeie direta e\/ou indiretamente todas as atividades e servi\u00e7os realizados.<\/p>\n<p>\u00c9 justamente essa fun\u00e7\u00e3o educativa que diferencia e caracteriza a a\u00e7\u00e3o institucional do Sesc, frente ao trabalho de outras institui\u00e7\u00f5es. Com uma vasta rede de centros de atividades, a entidade comerci\u00e1ria est\u00e1 presente em todo o territ\u00f3rio nacional, por meio de programas em Assist\u00eancia, Cultura, Educa\u00e7\u00e3o, Lazer e Sa\u00fade. S\u00e3o mais de cinco mil unidades de presta\u00e7\u00e3o de servi\u00e7os espalhadas pelo Brasil e cerca de 350 milh\u00f5es de atendimentos efetuados, por ano, para garantir a melhoria da qualidade de vida dos comerci\u00e1rios, seus dependentes e, em car\u00e1ter complementar, atender os segmentos sociais mais carentes e vulner\u00e1veis da sociedade. Por todos esses motivos, o Servi\u00e7o Social do Com\u00e9rcio \u00e9 reconhecido como Institui\u00e7\u00e3o Socialmente Respons\u00e1vel e tido como refer\u00eancia nacional pela qualidade dos servi\u00e7os prestados. A satisfa\u00e7\u00e3o dos indiv\u00edduos atendidos diariamente, em cada uma das unidades do Sesc, \u00e9 motivo de orgulho dos dirigentes e funcion\u00e1rios que desempenham o trabalho com seriedade e transpar\u00eancia, e, acima de tudo, de dedica\u00e7\u00e3o ao ser humano.<\/p>\n<h2>Sesc Jo\u00e3o Pessoa Hospedagem<\/h2>\n<p>Para o lazer, a entidade proporciona diversos projetos destinados ao entretenimento dos pessoenses, como noites de seresta, viagens as mais variadas localidades, atrav\u00e9s do Turismo Social, al\u00e9m da comemora\u00e7\u00e3o de datas especiais, como Dia das M\u00e3es, S\u00e3o Jo\u00e3o, P\u00e1scoa, entre outros. As a\u00e7\u00f5es de entretenimento para os idosos ganham um destaque especial com o Trabalho Social com Idosos, no qual atividades de lazer e divers\u00e3o permitem \u00e0 melhor idade novos conhecimentos.<\/p>\n<p>Outro ponto de destaque \u00e9 o cuidado com a preserva\u00e7\u00e3o e divulga\u00e7\u00e3o da cultural regional, atrav\u00e9s dos grupos folcl\u00f3ricos da unidade. A dissemina\u00e7\u00e3o e incentivo das atividades art\u00edsticas, atrav\u00e9s de exposi\u00e7\u00f5es, mostras musicais e eventos culturais, tamb\u00e9m possibilitam o contato dos comerci\u00e1rios com as mais variadas formas de arte.<\/p>\n<p>Para maiores informa\u00e7\u00f5es sobre a <em>hospedagem<\/em> entre em contato com o sesc Jo\u00e3o Pessoa.<\/p>\n<h3>Sesc Jo\u00e3o Pessoa Educa\u00e7\u00e3o<\/h3>\n<p>Na <em>educa\u00e7\u00e3o<\/em>, os servi\u00e7os disponibilizados atingem desde os pequenos at\u00e9 os mais velhos. Com capacidade para receber 24 crian\u00e7as, de quatro meses at\u00e9 quatro anos, o Sesc Creche permite \u00e0 garotada desenvolver o intelecto e coordena\u00e7\u00e3o motora com atividades l\u00fadicas. Em tempo integral, uma equipe diversificada, composta por nutricionistas, assistentes sociais, professores, auxiliares de servi\u00e7os, cozinheiros, porteiros e secret\u00e1rios, realizam tarefas destinadas \u00e0 forma\u00e7\u00e3o das crian\u00e7as. J\u00e1 o Sesc Educa\u00e7\u00e3o permite que a garotada tenha conhecimento nas s\u00e9ries sequenciais de educa\u00e7\u00e3o, desde o Ensino Fundamental at\u00e9 o Ensino M\u00e9dio. Para aqueles que n\u00e3o puderam estudar nas s\u00e9ries normais, a Educa\u00e7\u00e3o de Jovens e Adultos (EJA) democratiza o conhecimento. Al\u00e9m das aulas, os beneficiados podem usufruir de uma biblioteca repleta de obras liter\u00e1rias, desde grande cl\u00e1ssicos da literatura at\u00e9 gibis e revistas.<\/p>\n<h3>Sesc Jo\u00e3o Pessoa Col\u00f4nia de F\u00e9rias<\/h3>\n<p>Para utilizar a<em> col\u00f4nia de F\u00e9rias <\/em>voc\u00ea deve se dirigir a administra\u00e7\u00e3o do Sesc e fazer sua reserva.<\/p>\n<h3>Vagas Sesc Jo\u00e3o Pessoa &#8211; Trabalhe Conosco<\/h3>\n<p>O Sesc Jo\u00e3o Pessoa disponibiliza <em>vagas de trabalho<\/em> durante todo ano. Para se informar sobre os processos seletivos e se candidatar as vagas acompanhe o site da empresa, onde \u00e9 poss\u00edvel se informar sobre vagas abertas, sal\u00e1rios e compet\u00eancias necess\u00e1rias para se candidatar ao processo.<ins class=\"adsbygoogle\" data-ad-layout=\"in-article\" data-ad-format=\"fluid\" data-ad-client=\"ca-pub-6414922941841817\" data-ad-slot=\"1158071521\" data-adsbygoogle-status=\"done\"><ins id=\"aswift_3_expand\"><ins id=\"aswift_3_anchor\"><\/ins><\/ins><\/ins><\/p>\n<h3>Hor\u00e1rio de Funcionamento Sesc Jo\u00e3o Pessoa<\/h3>\n<ul>\n<li>Segunda a Sexta: das 08h \u00e0s 18h<\/li>\n<\/ul>\n<h3>Endere\u00e7o e Telefone Sesc Jo\u00e3o Pessoa<\/h3>\n<ul>\n<li>R. Des. Souto Maior, 281 &#8211; Centro &#8211; Jo\u00e3o Pessoa &#8211; PB<\/li>\n<li>Telefone: (83) 3208-0002<\/li>\n<\/ul>\n<h4>Outras informa\u00e7\u00f5es e site<\/h4>\n<ul>\n<li>Mais informa\u00e7\u00f5es:\u00a0<a href=\"http:\/\/www.sescpb.com.br\/2016\/\" target=\"_blank\" rel=\"noopener noreferrer\">www.sescpb.com.br<\/a><\/li>\n<\/ul>\n<h4>Mapa de localiza\u00e7\u00e3o<\/h4>\n<a class=\"wp-colorbox-iframe\" href=\"https:\/\/www.google.com\/maps\/embed?pb=!1m18!1m12!1m3!1d3959.0696559523517!2d-34.88102908522604!3d-7.117926694859947!2m3!1f0!2f0!3f0!3m2!1i1024!2i768!4f13.1!3m3!1m2!1s0x7ace7e406d55ef50xf2b1acf659f582a3!2sR.+Des.+Souto+Maior+281+-+Centro+Joo+Pessoa+-+PB+58013-190!5e0!3m2!1spt-BR!2sbr!4v1559646488489!5m2!1spt-BR!2sbr\"><img decoding=\"async\" src=\"http:\/\/www.encontrajoaopessoa.com.br\/imgs\/maps-post.png\"><\/a>\n\n<div style=\"font-size: 0px; height: 0px; line-height: 0px; margin: 0; padding: 0; clear: both;\"><\/div>","protected":false},"excerpt":{"rendered":"<p>Um dos maiores programas de desenvolvimento social do mundo,\u00a0 \u00e9 o Sesc Jo\u00e3o Pessoa &#8211; Servi\u00e7o Social do Com\u00e9rcio. A institui\u00e7\u00e3o foi fundada no dia 13 de setembro de 1946 com o objetivo de atender as necessidades urgentes dos trabalhadores do com\u00e9rcio. Dessa forma, procura assegurar as potencialidades do indiv\u00edduo, contribuir para a forma\u00e7\u00e3o e crescimento da cidadania e promover o bem-estar da sociedade. No total, s\u00e3o aproximadamente 50 milh\u00f5es de brasileiros beneficiados, a cada ano, pelas a\u00e7\u00f5es da entidade. Criado a partir da iniciativa de empres\u00e1rios do setor de Com\u00e9rcio, Bens, Servi\u00e7os e organiza\u00e7\u00f5es sindicais, o Sesc segue os <\/p>\n","protected":false},"author":1,"featured_media":0,"parent":0,"menu_order":0,"comment_status":"closed","ping_status":"closed","template":"","meta":{"footnotes":""},"class_list":["post-534","page","type-page","status-publish","hentry"],"yoast_head":"<!-- This site is optimized with the Yoast SEO plugin v26.4 - https:\/\/yoast.com\/wordpress\/plugins\/seo\/ -->\n<title>Sesc Jo\u00e3o Pessoa: Hospedagem, Educa\u00e7\u00e3o, Col\u00f4nia de F\u00e9rias, Vagas<\/title>\n<meta name=\"description\" content=\"Veja sobre o ( Sesc em Jo\u00e3o Pessoa ) - Informa\u00e7\u00f5es, hospedagem, educa\u00e7\u00e3o, colo\u00f4nia de f\u00e9rias, hor\u00e1rio de funcionamento, endere\u00e7o e telefone. CLIQUE AQUI!\" \/>\n<meta name=\"robots\" content=\"index, follow, max-snippet:-1, max-image-preview:large, max-video-preview:-1\" \/>\n<link rel=\"canonical\" href=\"https:\/\/www.encontrajoaopessoa.com.br\/sobre\/sesc-joao-pessoa\/\" \/>\n<meta property=\"og:locale\" content=\"pt_BR\" \/>\n<meta property=\"og:type\" content=\"article\" \/>\n<meta property=\"og:title\" content=\"Sesc Jo\u00e3o Pessoa: Hospedagem, Educa\u00e7\u00e3o, Col\u00f4nia de F\u00e9rias, Vagas\" \/>\n<meta property=\"og:description\" content=\"Veja sobre o ( Sesc em Jo\u00e3o Pessoa ) - Informa\u00e7\u00f5es, hospedagem, educa\u00e7\u00e3o, colo\u00f4nia de f\u00e9rias, hor\u00e1rio de funcionamento, endere\u00e7o e telefone. CLIQUE AQUI!\" \/>\n<meta property=\"og:url\" content=\"https:\/\/www.encontrajoaopessoa.com.br\/sobre\/sesc-joao-pessoa\/\" \/>\n<meta property=\"og:site_name\" content=\"Encontra Jo\u00e3o Pessoa\" \/>\n<meta property=\"og:image\" content=\"https:\/\/www.encontrajoaopessoa.com.br\/sobre\/wp-content\/uploads\/2019\/06\/sesc-joao-pessoa.gif\" \/>\n<meta name=\"twitter:card\" content=\"summary_large_image\" \/>\n<meta name=\"twitter:label1\" content=\"Est. tempo de leitura\" \/>\n\t<meta name=\"twitter:data1\" content=\"5 minutos\" \/>\n<script type=\"application\/ld+json\" class=\"yoast-schema-graph\">{\"@context\":\"https:\/\/schema.org\",\"@graph\":[{\"@type\":\"WebPage\",\"@id\":\"https:\/\/www.encontrajoaopessoa.com.br\/sobre\/sesc-joao-pessoa\/\",\"url\":\"https:\/\/www.encontrajoaopessoa.com.br\/sobre\/sesc-joao-pessoa\/\",\"name\":\"Sesc Jo\u00e3o Pessoa: Hospedagem, Educa\u00e7\u00e3o, Col\u00f4nia de F\u00e9rias, Vagas\",\"isPartOf\":{\"@id\":\"https:\/\/www.encontrajoaopessoa.com.br\/sobre\/#website\"},\"primaryImageOfPage\":{\"@id\":\"https:\/\/www.encontrajoaopessoa.com.br\/sobre\/sesc-joao-pessoa\/#primaryimage\"},\"image\":{\"@id\":\"https:\/\/www.encontrajoaopessoa.com.br\/sobre\/sesc-joao-pessoa\/#primaryimage\"},\"thumbnailUrl\":\"https:\/\/www.encontrajoaopessoa.com.br\/sobre\/wp-content\/uploads\/2019\/06\/sesc-joao-pessoa.gif\",\"datePublished\":\"2019-06-04T11:12:05+00:00\",\"description\":\"Veja sobre o ( Sesc em Jo\u00e3o Pessoa ) - Informa\u00e7\u00f5es, hospedagem, educa\u00e7\u00e3o, colo\u00f4nia de f\u00e9rias, hor\u00e1rio de funcionamento, endere\u00e7o e telefone. CLIQUE AQUI!\",\"breadcrumb\":{\"@id\":\"https:\/\/www.encontrajoaopessoa.com.br\/sobre\/sesc-joao-pessoa\/#breadcrumb\"},\"inLanguage\":\"pt-BR\",\"potentialAction\":[{\"@type\":\"ReadAction\",\"target\":[\"https:\/\/www.encontrajoaopessoa.com.br\/sobre\/sesc-joao-pessoa\/\"]}]},{\"@type\":\"ImageObject\",\"inLanguage\":\"pt-BR\",\"@id\":\"https:\/\/www.encontrajoaopessoa.com.br\/sobre\/sesc-joao-pessoa\/#primaryimage\",\"url\":\"https:\/\/www.encontrajoaopessoa.com.br\/sobre\/wp-content\/uploads\/2019\/06\/sesc-joao-pessoa.gif\",\"contentUrl\":\"https:\/\/www.encontrajoaopessoa.com.br\/sobre\/wp-content\/uploads\/2019\/06\/sesc-joao-pessoa.gif\",\"width\":680,\"height\":189},{\"@type\":\"BreadcrumbList\",\"@id\":\"https:\/\/www.encontrajoaopessoa.com.br\/sobre\/sesc-joao-pessoa\/#breadcrumb\",\"itemListElement\":[{\"@type\":\"ListItem\",\"position\":1,\"name\":\"In\u00edcio\",\"item\":\"https:\/\/www.encontrajoaopessoa.com.br\/sobre\/\"},{\"@type\":\"ListItem\",\"position\":2,\"name\":\"Sesc Jo\u00e3o Pessoa\"}]},{\"@type\":\"WebSite\",\"@id\":\"https:\/\/www.encontrajoaopessoa.com.br\/sobre\/#website\",\"url\":\"https:\/\/www.encontrajoaopessoa.com.br\/sobre\/\",\"name\":\"Encontra Jo\u00e3o Pessoa\",\"description\":\"Not\u00edcias, eventos, informa\u00e7\u00f5es e dicas na cidade Jo\u00e3o Pessoa e regi\u00e3o.\",\"potentialAction\":[{\"@type\":\"SearchAction\",\"target\":{\"@type\":\"EntryPoint\",\"urlTemplate\":\"https:\/\/www.encontrajoaopessoa.com.br\/sobre\/?s={search_term_string}\"},\"query-input\":{\"@type\":\"PropertyValueSpecification\",\"valueRequired\":true,\"valueName\":\"search_term_string\"}}],\"inLanguage\":\"pt-BR\"}]}<\/script>\n<!-- \/ Yoast SEO plugin. -->","yoast_head_json":{"title":"Sesc Jo\u00e3o Pessoa: Hospedagem, Educa\u00e7\u00e3o, Col\u00f4nia de F\u00e9rias, Vagas","description":"Veja sobre o ( Sesc em Jo\u00e3o Pessoa ) - Informa\u00e7\u00f5es, hospedagem, educa\u00e7\u00e3o, colo\u00f4nia de f\u00e9rias, hor\u00e1rio de funcionamento, endere\u00e7o e telefone. CLIQUE AQUI!","robots":{"index":"index","follow":"follow","max-snippet":"max-snippet:-1","max-image-preview":"max-image-preview:large","max-video-preview":"max-video-preview:-1"},"canonical":"https:\/\/www.encontrajoaopessoa.com.br\/sobre\/sesc-joao-pessoa\/","og_locale":"pt_BR","og_type":"article","og_title":"Sesc Jo\u00e3o Pessoa: Hospedagem, Educa\u00e7\u00e3o, Col\u00f4nia de F\u00e9rias, Vagas","og_description":"Veja sobre o ( Sesc em Jo\u00e3o Pessoa ) - Informa\u00e7\u00f5es, hospedagem, educa\u00e7\u00e3o, colo\u00f4nia de f\u00e9rias, hor\u00e1rio de funcionamento, endere\u00e7o e telefone. CLIQUE AQUI!","og_url":"https:\/\/www.encontrajoaopessoa.com.br\/sobre\/sesc-joao-pessoa\/","og_site_name":"Encontra Jo\u00e3o Pessoa","og_image":[{"url":"https:\/\/www.encontrajoaopessoa.com.br\/sobre\/wp-content\/uploads\/2019\/06\/sesc-joao-pessoa.gif","type":"","width":"","height":""}],"twitter_card":"summary_large_image","twitter_misc":{"Est. tempo de leitura":"5 minutos"},"schema":{"@context":"https:\/\/schema.org","@graph":[{"@type":"WebPage","@id":"https:\/\/www.encontrajoaopessoa.com.br\/sobre\/sesc-joao-pessoa\/","url":"https:\/\/www.encontrajoaopessoa.com.br\/sobre\/sesc-joao-pessoa\/","name":"Sesc Jo\u00e3o Pessoa: Hospedagem, Educa\u00e7\u00e3o, Col\u00f4nia de F\u00e9rias, Vagas","isPartOf":{"@id":"https:\/\/www.encontrajoaopessoa.com.br\/sobre\/#website"},"primaryImageOfPage":{"@id":"https:\/\/www.encontrajoaopessoa.com.br\/sobre\/sesc-joao-pessoa\/#primaryimage"},"image":{"@id":"https:\/\/www.encontrajoaopessoa.com.br\/sobre\/sesc-joao-pessoa\/#primaryimage"},"thumbnailUrl":"https:\/\/www.encontrajoaopessoa.com.br\/sobre\/wp-content\/uploads\/2019\/06\/sesc-joao-pessoa.gif","datePublished":"2019-06-04T11:12:05+00:00","description":"Veja sobre o ( Sesc em Jo\u00e3o Pessoa ) - Informa\u00e7\u00f5es, hospedagem, educa\u00e7\u00e3o, colo\u00f4nia de f\u00e9rias, hor\u00e1rio de funcionamento, endere\u00e7o e telefone. CLIQUE AQUI!","breadcrumb":{"@id":"https:\/\/www.encontrajoaopessoa.com.br\/sobre\/sesc-joao-pessoa\/#breadcrumb"},"inLanguage":"pt-BR","potentialAction":[{"@type":"ReadAction","target":["https:\/\/www.encontrajoaopessoa.com.br\/sobre\/sesc-joao-pessoa\/"]}]},{"@type":"ImageObject","inLanguage":"pt-BR","@id":"https:\/\/www.encontrajoaopessoa.com.br\/sobre\/sesc-joao-pessoa\/#primaryimage","url":"https:\/\/www.encontrajoaopessoa.com.br\/sobre\/wp-content\/uploads\/2019\/06\/sesc-joao-pessoa.gif","contentUrl":"https:\/\/www.encontrajoaopessoa.com.br\/sobre\/wp-content\/uploads\/2019\/06\/sesc-joao-pessoa.gif","width":680,"height":189},{"@type":"BreadcrumbList","@id":"https:\/\/www.encontrajoaopessoa.com.br\/sobre\/sesc-joao-pessoa\/#breadcrumb","itemListElement":[{"@type":"ListItem","position":1,"name":"In\u00edcio","item":"https:\/\/www.encontrajoaopessoa.com.br\/sobre\/"},{"@type":"ListItem","position":2,"name":"Sesc Jo\u00e3o Pessoa"}]},{"@type":"WebSite","@id":"https:\/\/www.encontrajoaopessoa.com.br\/sobre\/#website","url":"https:\/\/www.encontrajoaopessoa.com.br\/sobre\/","name":"Encontra Jo\u00e3o Pessoa","description":"Not\u00edcias, eventos, informa\u00e7\u00f5es e dicas na cidade Jo\u00e3o Pessoa e regi\u00e3o.","potentialAction":[{"@type":"SearchAction","target":{"@type":"EntryPoint","urlTemplate":"https:\/\/www.encontrajoaopessoa.com.br\/sobre\/?s={search_term_string}"},"query-input":{"@type":"PropertyValueSpecification","valueRequired":true,"valueName":"search_term_string"}}],"inLanguage":"pt-BR"}]}},"_links":{"self":[{"href":"https:\/\/www.encontrajoaopessoa.com.br\/sobre\/wp-json\/wp\/v2\/pages\/534","targetHints":{"allow":["GET"]}}],"collection":[{"href":"https:\/\/www.encontrajoaopessoa.com.br\/sobre\/wp-json\/wp\/v2\/pages"}],"about":[{"href":"https:\/\/www.encontrajoaopessoa.com.br\/sobre\/wp-json\/wp\/v2\/types\/page"}],"author":[{"embeddable":true,"href":"https:\/\/www.encontrajoaopessoa.com.br\/sobre\/wp-json\/wp\/v2\/users\/1"}],"replies":[{"embeddable":true,"href":"https:\/\/www.encontrajoaopessoa.com.br\/sobre\/wp-json\/wp\/v2\/comments?post=534"}],"version-history":[{"count":0,"href":"https:\/\/www.encontrajoaopessoa.com.br\/sobre\/wp-json\/wp\/v2\/pages\/534\/revisions"}],"wp:attachment":[{"href":"https:\/\/www.encontrajoaopessoa.com.br\/sobre\/wp-json\/wp\/v2\/media?parent=534"}],"curies":[{"name":"wp","href":"https:\/\/api.w.org\/{rel}","templated":true}]}}