{"id":521,"date":"2019-06-04T07:30:28","date_gmt":"2019-06-04T10:30:28","guid":{"rendered":"https:\/\/www.encontrajoaopessoa.com.br\/sobre\/?page_id=521"},"modified":"2020-01-20T12:49:34","modified_gmt":"2020-01-20T15:49:34","slug":"rodoviaria-joao-pessoa","status":"publish","type":"page","link":"https:\/\/www.encontrajoaopessoa.com.br\/sobre\/rodoviaria-joao-pessoa\/","title":{"rendered":"Rodovi\u00e1ria Jo\u00e3o Pessoa"},"content":{"rendered":"<div class=\"866aa4a7c674253f40eaa20e0e3e928c\" data-index=\"1\" style=\"float: none; margin:0px;\">\n<!-- Anuncio display - global -->\r\n<ins class=\"adsbygoogle\"\r\n     style=\"display:block\"\r\n     data-ad-client=\"ca-pub-8585364105181520\"\r\n     data-ad-slot=\"8789329856\"\r\n     data-ad-format=\"auto\"\r\n     data-full-width-responsive=\"true\"><\/ins>\r\n<script>\r\n     (adsbygoogle = window.adsbygoogle || []).push({});\r\n<\/script>\n<\/div>\n<p>A <strong>Rodovi\u00e1ria de Jo\u00e3o Pessoa<\/strong> tem seu nome oficial de terminal rodovi\u00e1rio Severino Camelo, come\u00e7ou a ser constru\u00eddo em 1974, no governo municipal de Dorgival Terceiro Neto, por\u00e9m levaram oito anos para que a rodovi\u00e1ria da capital paraibana come\u00e7asse a operar, na data de 22 de janeiro de 1982.<\/p>\n<p>O terminal rodovi\u00e1rio de Jo\u00e3o Pessoa foi projetado pelo arquiteto paraibano Glauco Campelo, profissional colaborador de projetos do arquiteto Oscar Niemeyer, que venceu o concurso que escolheu o melhor projeto da rodovi\u00e1ria.<\/p>\n<p><img loading=\"lazy\" decoding=\"async\" class=\"alignnone wp-image-522 size-full\" title=\"Rodovi\u00e1ria Jo\u00e3o Pessoa\" src=\"https:\/\/www.encontrajoaopessoa.com.br\/sobre\/wp-content\/uploads\/2019\/06\/rodoviaria-de-joao-pessoa.gif\" alt=\"Rodovi\u00e1ria Jo\u00e3o Pessoa\" width=\"680\" height=\"189\" \/><\/p>\n<p>Localizada no bairro Varadouro, a rodovi\u00e1ria foi constru\u00edda no vale do Rio Sanhau\u00e1, no centro da cidade, em uma \u00e1rea que precisou ser aterrada, j\u00e1 que era regi\u00e3o de mangue.<\/p>\n<p>Atualmente, a rodovi\u00e1ria de Jo\u00e3o Pessoa possui 32 plataformas, dois port\u00f5es de embarque e um de desembarque, trinta e tr\u00eas guich\u00eas para compra de passagens, setor de informa\u00e7\u00f5es, assist\u00eancia social, urg\u00eancias m\u00e9dicas, sala para juizado de menores, pol\u00edcia rodovi\u00e1ria, setor administrativo, ag\u00eancia de correios, guarda volumes, bancos, bebedouros e banheiros. As lojas de conveni\u00eancia, lanchonetes, restaurantes e bancas de revista se localizam no piso superior do terminal rodovi\u00e1rio.<\/p>\n<p>Dados de 2000 mostram Jo\u00e3o Pessoa como a capital menos desigual do Nordeste, segundo dados do Instituto de Pesquisa Econ\u00f4mica Aplicada, com o coeficiente de gini de 0,630, embora tal \u00edndice seja considerado \u201cmuito alto\u201d de acordo com a ONU.<\/p>\n<p>\u00c9 conhecida como \u201cPorta do Sol\u201d, devido ao fato de, no munic\u00edpio, estar localizada a Ponta do Seixas, que \u00e9 o ponto mais oriental das Am\u00e9ricas, o que faz a cidade ser conhecida como o lugar \u201conde o sol nasce primeiro nas Am\u00e9ricas\u201d. Fundada em 1585 com o nome de \u201cCidade Real de Nossa Senhora das Neves\u201d, a cidade de Jo\u00e3o Pessoa \u00e9 a terceira capital de estado mais antiga do Brasil, tendo j\u00e1 sido fundada com t\u00edtulo de cidade.<\/p>\n<p>Durante a Confer\u00eancia das Na\u00e7\u00f5es Unidas sobre o Meio Ambiente e o Desenvolvimento, Jo\u00e3o Pessoa recebeu o t\u00edtulo de \u201csegunda capital mais verde do mundo\u201d. Segundo um c\u00e1lculo baseado na rela\u00e7\u00e3o entre n\u00famero de habitantes e \u00e1rea verde, ficando atr\u00e1s apenas de Paris, capital da Fran\u00e7a. Jo\u00e3o Pessoa \u00e9 ainda a cidade mais verde do Brasil, muito por conta do Jardim Bot\u00e2nico Benjamim Maranh\u00e3o, localizado na \u00e1rea central da cidade com 515 hectares de mata atl\u00e2ntica preservada, constituindo a maior floresta semi-equatorial nativa plana densamente cercada por \u00e1rea urbana do mundo.<\/p>\n<h2>Rodovi\u00e1ria de Jo\u00e3o Pessoa Pre\u00e7os \u00d4nibus<\/h2>\n<p>Os\u00a0<em>valores das passagens<\/em>\u00a0podem ser consultados diretamente no site da companhia que voc\u00ea deseja viajar<\/p>\n<h3>Rodovi\u00e1ria Severino Camelo de Jo\u00e3o Pessoa Hor\u00e1rio de \u00d4nibus e Previs\u00e3o de Chegada<\/h3>\n<p>Para\u00a0<em>consultar os hor\u00e1rios de \u00f4nibus e a previs\u00e3o de chegada das linhas<\/em>, acesse o site da empresa de \u00f4nibus que voc\u00ea pretende viajar. L\u00e1 \u00e9 poss\u00edvel fazer a consulta atualizada dos hor\u00e1rios, dura\u00e7\u00e3o da viagem e previs\u00e3o de chegada ao destino.<\/p>\n<h3>Rodovi\u00e1ria de Jo\u00e3o Pessoa Servi\u00e7os<\/h3>\n<p>A Rodovi\u00e1ria de Jo\u00e3o Pessoa fornece os principais <em>servi\u00e7os<\/em>\u00a0para os usu\u00e1rios, como balc\u00e3o de informa\u00e7\u00f5es, caixas eletr\u00f4nicos e guarda volumes. Al\u00e9m disso, conta com diversas op\u00e7\u00f5es de restaurantes e lojas para a comodidade do passageiro.<\/p>\n<p>A rodovi\u00e1ria possui tamb\u00e9m estacionamento e sanit\u00e1rios, inclusive para banho.<ins class=\"adsbygoogle\" data-ad-layout=\"in-article\" data-ad-format=\"fluid\" data-ad-client=\"ca-pub-6414922941841817\" data-ad-slot=\"1158071521\" data-adsbygoogle-status=\"done\"><ins id=\"aswift_3_expand\"><ins id=\"aswift_3_anchor\"><\/ins><\/ins><\/ins><\/p>\n<p>O terminal rodovi\u00e1rio \u00e9 adaptado para melhor atender os passageiros com mobilidade reduzida e\/ou defici\u00eancia e conta com rampas de acesso, cadeiras de rodas e sanit\u00e1rios (masculinos e femininos) adaptados. Disponibiliza vagas exclusivas no estacionamento e pessoal preparado para aux\u00edlio e acompanhamento de deficientes.<\/p>\n<h3>Vagas Rodovi\u00e1ria de Jo\u00e3o Pessoa \u2013 Trabalhe Conosco<\/h3>\n<p>A Rodovi\u00e1ria de Jo\u00e3o Pessoa disponibiliza <em>vagas de trabalho<\/em>\u00a0durante todo ano. Para se informar sobre os processos seletivos e se candidatar as vagas acompanhe o site da empresa, onde \u00e9 poss\u00edvel se informar sobre vagas abertas, sal\u00e1rios e compet\u00eancias necess\u00e1rias para se candidatar ao processo.<\/p>\n<h3>Hor\u00e1rio de Funcionamento Rodovi\u00e1ria em Jo\u00e3o Pessoa<\/h3>\n<ul>\n<li>24 horas<\/li>\n<\/ul>\n<h3>Endere\u00e7o e Telefone Rodovi\u00e1ria em Jo\u00e3o Pessoa<\/h3>\n<ul>\n<li>R. Francisco Londres &#8211; Varadouro &#8211; Jo\u00e3o Pessoa &#8211; PB<\/li>\n<li>Telefone: (83) 3222-6567<\/li>\n<\/ul>\n<h4>Mapa de localiza\u00e7\u00e3o<\/h4>\n<a class=\"wp-colorbox-iframe\" href=\"https:\/\/www.google.com\/maps\/embed?pb=!1m18!1m12!1m3!1d3959.061320097819!2d-34.89246918522596!3d-7.118892694859263!2m3!1f0!2f0!3f0!3m2!1i1024!2i768!4f13.1!3m3!1m2!1s0x7ace7d8d37d368d0x537d3bc7d5203b2e!2sR.+Francisco+Londres+-+Varadouro+Joo+Pessoa+-+PB+58010-150!5e0!3m2!1spt-BR!2sbr!4v1559643924998!5m2!1spt-BR!2sbr\"><img decoding=\"async\" src=\"http:\/\/www.encontrajoaopessoa.com.br\/imgs\/maps-post.png\"><\/a>\n\n<div style=\"font-size: 0px; height: 0px; line-height: 0px; margin: 0; padding: 0; clear: both;\"><\/div>","protected":false},"excerpt":{"rendered":"<p>A Rodovi\u00e1ria de Jo\u00e3o Pessoa tem seu nome oficial de terminal rodovi\u00e1rio Severino Camelo, come\u00e7ou a ser constru\u00eddo em 1974, no governo municipal de Dorgival Terceiro Neto, por\u00e9m levaram oito anos para que a rodovi\u00e1ria da capital paraibana come\u00e7asse a operar, na data de 22 de janeiro de 1982. O terminal rodovi\u00e1rio de Jo\u00e3o Pessoa foi projetado pelo arquiteto paraibano Glauco Campelo, profissional colaborador de projetos do arquiteto Oscar Niemeyer, que venceu o concurso que escolheu o melhor projeto da rodovi\u00e1ria. Localizada no bairro Varadouro, a rodovi\u00e1ria foi constru\u00edda no vale do Rio Sanhau\u00e1, no centro da cidade, em uma <\/p>\n","protected":false},"author":1,"featured_media":0,"parent":0,"menu_order":0,"comment_status":"closed","ping_status":"closed","template":"","meta":{"footnotes":""},"class_list":["post-521","page","type-page","status-publish","hentry"],"yoast_head":"<!-- This site is optimized with the Yoast SEO plugin v26.4 - https:\/\/yoast.com\/wordpress\/plugins\/seo\/ -->\n<title>Rodovi\u00e1ria de Jo\u00e3o Pessoa: Pre\u00e7o, Hor\u00e1rio de \u00d4nibus, Servi\u00e7os, Vagas<\/title>\n<meta name=\"description\" content=\"Veja sobre a ( Rodovi\u00e1ria em Jo\u00e3o Pessoa ) - Informa\u00e7\u00f5es, pre\u00e7o, hor\u00e1rio de \u00f4nibus, servi\u00e7os, vagas, hor\u00e1rio de funcionamento, endere\u00e7o e telefone. CLIQUE AQUI!\" \/>\n<meta name=\"robots\" content=\"index, follow, max-snippet:-1, max-image-preview:large, max-video-preview:-1\" \/>\n<link rel=\"canonical\" href=\"https:\/\/www.encontrajoaopessoa.com.br\/sobre\/rodoviaria-joao-pessoa\/\" \/>\n<meta property=\"og:locale\" content=\"pt_BR\" \/>\n<meta property=\"og:type\" content=\"article\" \/>\n<meta property=\"og:title\" content=\"Rodovi\u00e1ria de Jo\u00e3o Pessoa: Pre\u00e7o, Hor\u00e1rio de \u00d4nibus, Servi\u00e7os, Vagas\" \/>\n<meta property=\"og:description\" content=\"Veja sobre a ( Rodovi\u00e1ria em Jo\u00e3o Pessoa ) - Informa\u00e7\u00f5es, pre\u00e7o, hor\u00e1rio de \u00f4nibus, servi\u00e7os, vagas, hor\u00e1rio de funcionamento, endere\u00e7o e telefone. CLIQUE AQUI!\" \/>\n<meta property=\"og:url\" content=\"https:\/\/www.encontrajoaopessoa.com.br\/sobre\/rodoviaria-joao-pessoa\/\" \/>\n<meta property=\"og:site_name\" content=\"Encontra Jo\u00e3o Pessoa\" \/>\n<meta property=\"article:modified_time\" content=\"2020-01-20T15:49:34+00:00\" \/>\n<meta property=\"og:image\" content=\"https:\/\/www.encontrajoaopessoa.com.br\/sobre\/wp-content\/uploads\/2019\/06\/rodoviaria-de-joao-pessoa.gif\" \/>\n<meta name=\"twitter:card\" content=\"summary_large_image\" \/>\n<meta name=\"twitter:label1\" content=\"Est. tempo de leitura\" \/>\n\t<meta name=\"twitter:data1\" content=\"4 minutos\" \/>\n<script type=\"application\/ld+json\" class=\"yoast-schema-graph\">{\"@context\":\"https:\/\/schema.org\",\"@graph\":[{\"@type\":\"WebPage\",\"@id\":\"https:\/\/www.encontrajoaopessoa.com.br\/sobre\/rodoviaria-joao-pessoa\/\",\"url\":\"https:\/\/www.encontrajoaopessoa.com.br\/sobre\/rodoviaria-joao-pessoa\/\",\"name\":\"Rodovi\u00e1ria de Jo\u00e3o Pessoa: Pre\u00e7o, Hor\u00e1rio de \u00d4nibus, Servi\u00e7os, Vagas\",\"isPartOf\":{\"@id\":\"https:\/\/www.encontrajoaopessoa.com.br\/sobre\/#website\"},\"primaryImageOfPage\":{\"@id\":\"https:\/\/www.encontrajoaopessoa.com.br\/sobre\/rodoviaria-joao-pessoa\/#primaryimage\"},\"image\":{\"@id\":\"https:\/\/www.encontrajoaopessoa.com.br\/sobre\/rodoviaria-joao-pessoa\/#primaryimage\"},\"thumbnailUrl\":\"https:\/\/www.encontrajoaopessoa.com.br\/sobre\/wp-content\/uploads\/2019\/06\/rodoviaria-de-joao-pessoa.gif\",\"datePublished\":\"2019-06-04T10:30:28+00:00\",\"dateModified\":\"2020-01-20T15:49:34+00:00\",\"description\":\"Veja sobre a ( Rodovi\u00e1ria em Jo\u00e3o Pessoa ) - Informa\u00e7\u00f5es, pre\u00e7o, hor\u00e1rio de \u00f4nibus, servi\u00e7os, vagas, hor\u00e1rio de funcionamento, endere\u00e7o e telefone. CLIQUE AQUI!\",\"breadcrumb\":{\"@id\":\"https:\/\/www.encontrajoaopessoa.com.br\/sobre\/rodoviaria-joao-pessoa\/#breadcrumb\"},\"inLanguage\":\"pt-BR\",\"potentialAction\":[{\"@type\":\"ReadAction\",\"target\":[\"https:\/\/www.encontrajoaopessoa.com.br\/sobre\/rodoviaria-joao-pessoa\/\"]}]},{\"@type\":\"ImageObject\",\"inLanguage\":\"pt-BR\",\"@id\":\"https:\/\/www.encontrajoaopessoa.com.br\/sobre\/rodoviaria-joao-pessoa\/#primaryimage\",\"url\":\"https:\/\/www.encontrajoaopessoa.com.br\/sobre\/wp-content\/uploads\/2019\/06\/rodoviaria-de-joao-pessoa.gif\",\"contentUrl\":\"https:\/\/www.encontrajoaopessoa.com.br\/sobre\/wp-content\/uploads\/2019\/06\/rodoviaria-de-joao-pessoa.gif\",\"width\":680,\"height\":189},{\"@type\":\"BreadcrumbList\",\"@id\":\"https:\/\/www.encontrajoaopessoa.com.br\/sobre\/rodoviaria-joao-pessoa\/#breadcrumb\",\"itemListElement\":[{\"@type\":\"ListItem\",\"position\":1,\"name\":\"In\u00edcio\",\"item\":\"https:\/\/www.encontrajoaopessoa.com.br\/sobre\/\"},{\"@type\":\"ListItem\",\"position\":2,\"name\":\"Rodovi\u00e1ria Jo\u00e3o Pessoa\"}]},{\"@type\":\"WebSite\",\"@id\":\"https:\/\/www.encontrajoaopessoa.com.br\/sobre\/#website\",\"url\":\"https:\/\/www.encontrajoaopessoa.com.br\/sobre\/\",\"name\":\"Encontra Jo\u00e3o Pessoa\",\"description\":\"Not\u00edcias, eventos, informa\u00e7\u00f5es e dicas na cidade Jo\u00e3o Pessoa e regi\u00e3o.\",\"potentialAction\":[{\"@type\":\"SearchAction\",\"target\":{\"@type\":\"EntryPoint\",\"urlTemplate\":\"https:\/\/www.encontrajoaopessoa.com.br\/sobre\/?s={search_term_string}\"},\"query-input\":{\"@type\":\"PropertyValueSpecification\",\"valueRequired\":true,\"valueName\":\"search_term_string\"}}],\"inLanguage\":\"pt-BR\"}]}<\/script>\n<!-- \/ Yoast SEO plugin. -->","yoast_head_json":{"title":"Rodovi\u00e1ria de Jo\u00e3o Pessoa: Pre\u00e7o, Hor\u00e1rio de \u00d4nibus, Servi\u00e7os, Vagas","description":"Veja sobre a ( Rodovi\u00e1ria em Jo\u00e3o Pessoa ) - Informa\u00e7\u00f5es, pre\u00e7o, hor\u00e1rio de \u00f4nibus, servi\u00e7os, vagas, hor\u00e1rio de funcionamento, endere\u00e7o e telefone. CLIQUE AQUI!","robots":{"index":"index","follow":"follow","max-snippet":"max-snippet:-1","max-image-preview":"max-image-preview:large","max-video-preview":"max-video-preview:-1"},"canonical":"https:\/\/www.encontrajoaopessoa.com.br\/sobre\/rodoviaria-joao-pessoa\/","og_locale":"pt_BR","og_type":"article","og_title":"Rodovi\u00e1ria de Jo\u00e3o Pessoa: Pre\u00e7o, Hor\u00e1rio de \u00d4nibus, Servi\u00e7os, Vagas","og_description":"Veja sobre a ( Rodovi\u00e1ria em Jo\u00e3o Pessoa ) - Informa\u00e7\u00f5es, pre\u00e7o, hor\u00e1rio de \u00f4nibus, servi\u00e7os, vagas, hor\u00e1rio de funcionamento, endere\u00e7o e telefone. CLIQUE AQUI!","og_url":"https:\/\/www.encontrajoaopessoa.com.br\/sobre\/rodoviaria-joao-pessoa\/","og_site_name":"Encontra Jo\u00e3o Pessoa","article_modified_time":"2020-01-20T15:49:34+00:00","og_image":[{"url":"https:\/\/www.encontrajoaopessoa.com.br\/sobre\/wp-content\/uploads\/2019\/06\/rodoviaria-de-joao-pessoa.gif","type":"","width":"","height":""}],"twitter_card":"summary_large_image","twitter_misc":{"Est. tempo de leitura":"4 minutos"},"schema":{"@context":"https:\/\/schema.org","@graph":[{"@type":"WebPage","@id":"https:\/\/www.encontrajoaopessoa.com.br\/sobre\/rodoviaria-joao-pessoa\/","url":"https:\/\/www.encontrajoaopessoa.com.br\/sobre\/rodoviaria-joao-pessoa\/","name":"Rodovi\u00e1ria de Jo\u00e3o Pessoa: Pre\u00e7o, Hor\u00e1rio de \u00d4nibus, Servi\u00e7os, Vagas","isPartOf":{"@id":"https:\/\/www.encontrajoaopessoa.com.br\/sobre\/#website"},"primaryImageOfPage":{"@id":"https:\/\/www.encontrajoaopessoa.com.br\/sobre\/rodoviaria-joao-pessoa\/#primaryimage"},"image":{"@id":"https:\/\/www.encontrajoaopessoa.com.br\/sobre\/rodoviaria-joao-pessoa\/#primaryimage"},"thumbnailUrl":"https:\/\/www.encontrajoaopessoa.com.br\/sobre\/wp-content\/uploads\/2019\/06\/rodoviaria-de-joao-pessoa.gif","datePublished":"2019-06-04T10:30:28+00:00","dateModified":"2020-01-20T15:49:34+00:00","description":"Veja sobre a ( Rodovi\u00e1ria em Jo\u00e3o Pessoa ) - Informa\u00e7\u00f5es, pre\u00e7o, hor\u00e1rio de \u00f4nibus, servi\u00e7os, vagas, hor\u00e1rio de funcionamento, endere\u00e7o e telefone. CLIQUE AQUI!","breadcrumb":{"@id":"https:\/\/www.encontrajoaopessoa.com.br\/sobre\/rodoviaria-joao-pessoa\/#breadcrumb"},"inLanguage":"pt-BR","potentialAction":[{"@type":"ReadAction","target":["https:\/\/www.encontrajoaopessoa.com.br\/sobre\/rodoviaria-joao-pessoa\/"]}]},{"@type":"ImageObject","inLanguage":"pt-BR","@id":"https:\/\/www.encontrajoaopessoa.com.br\/sobre\/rodoviaria-joao-pessoa\/#primaryimage","url":"https:\/\/www.encontrajoaopessoa.com.br\/sobre\/wp-content\/uploads\/2019\/06\/rodoviaria-de-joao-pessoa.gif","contentUrl":"https:\/\/www.encontrajoaopessoa.com.br\/sobre\/wp-content\/uploads\/2019\/06\/rodoviaria-de-joao-pessoa.gif","width":680,"height":189},{"@type":"BreadcrumbList","@id":"https:\/\/www.encontrajoaopessoa.com.br\/sobre\/rodoviaria-joao-pessoa\/#breadcrumb","itemListElement":[{"@type":"ListItem","position":1,"name":"In\u00edcio","item":"https:\/\/www.encontrajoaopessoa.com.br\/sobre\/"},{"@type":"ListItem","position":2,"name":"Rodovi\u00e1ria Jo\u00e3o Pessoa"}]},{"@type":"WebSite","@id":"https:\/\/www.encontrajoaopessoa.com.br\/sobre\/#website","url":"https:\/\/www.encontrajoaopessoa.com.br\/sobre\/","name":"Encontra Jo\u00e3o Pessoa","description":"Not\u00edcias, eventos, informa\u00e7\u00f5es e dicas na cidade Jo\u00e3o Pessoa e regi\u00e3o.","potentialAction":[{"@type":"SearchAction","target":{"@type":"EntryPoint","urlTemplate":"https:\/\/www.encontrajoaopessoa.com.br\/sobre\/?s={search_term_string}"},"query-input":{"@type":"PropertyValueSpecification","valueRequired":true,"valueName":"search_term_string"}}],"inLanguage":"pt-BR"}]}},"_links":{"self":[{"href":"https:\/\/www.encontrajoaopessoa.com.br\/sobre\/wp-json\/wp\/v2\/pages\/521","targetHints":{"allow":["GET"]}}],"collection":[{"href":"https:\/\/www.encontrajoaopessoa.com.br\/sobre\/wp-json\/wp\/v2\/pages"}],"about":[{"href":"https:\/\/www.encontrajoaopessoa.com.br\/sobre\/wp-json\/wp\/v2\/types\/page"}],"author":[{"embeddable":true,"href":"https:\/\/www.encontrajoaopessoa.com.br\/sobre\/wp-json\/wp\/v2\/users\/1"}],"replies":[{"embeddable":true,"href":"https:\/\/www.encontrajoaopessoa.com.br\/sobre\/wp-json\/wp\/v2\/comments?post=521"}],"version-history":[{"count":0,"href":"https:\/\/www.encontrajoaopessoa.com.br\/sobre\/wp-json\/wp\/v2\/pages\/521\/revisions"}],"wp:attachment":[{"href":"https:\/\/www.encontrajoaopessoa.com.br\/sobre\/wp-json\/wp\/v2\/media?parent=521"}],"curies":[{"name":"wp","href":"https:\/\/api.w.org\/{rel}","templated":true}]}}